{"id":5024,"date":"2025-06-24T16:55:15","date_gmt":"2025-06-24T16:55:15","guid":{"rendered":"https:\/\/idr.pt\/?page_id=5024"},"modified":"2025-08-06T13:51:48","modified_gmt":"2025-08-06T13:51:48","slug":"j40","status":"publish","type":"page","link":"https:\/\/idr.pt\/en\/j40\/","title":{"rendered":"J40"},"content":{"rendered":"<div data-elementor-type=\"wp-page\" data-elementor-id=\"5024\" class=\"elementor elementor-5024\" data-elementor-post-type=\"page\">\n\t\t\t\t<div class=\"elementor-element elementor-element-cb98f2f e-flex e-con-boxed wpr-particle-no wpr-jarallax-no wpr-parallax-no wpr-sticky-section-no wpr-equal-height-no e-con e-parent\" data-id=\"cb98f2f\" data-element_type=\"container\" data-e-type=\"container\">\n\t\t\t\t\t<div class=\"e-con-inner\">\n\t\t\t\t<div class=\"elementor-element elementor-element-ed02121 elementor-widget elementor-widget-spacer\" data-id=\"ed02121\" data-element_type=\"widget\" data-e-type=\"widget\" data-widget_type=\"spacer.default\">\n\t\t\t\t<div class=\"elementor-widget-container\">\n\t\t\t\t\t\t\t<div class=\"elementor-spacer\">\n\t\t\t<div class=\"elementor-spacer-inner\"><\/div>\n\t\t<\/div>\n\t\t\t\t\t\t<\/div>\n\t\t\t\t<\/div>\n\t\t\t\t<div class=\"elementor-element elementor-element-22a90ce elementor-widget elementor-widget-heading\" data-id=\"22a90ce\" data-element_type=\"widget\" data-e-type=\"widget\" data-widget_type=\"heading.default\">\n\t\t\t\t<div class=\"elementor-widget-container\">\n\t\t\t\t\t<h2 class=\"elementor-heading-title elementor-size-default\">J40<\/h2>\t\t\t\t<\/div>\n\t\t\t\t<\/div>\n\t\t\t\t<div class=\"elementor-element elementor-element-5f06717 elementor-widget elementor-widget-video\" data-id=\"5f06717\" data-element_type=\"widget\" data-e-type=\"widget\" data-settings=\"{&quot;youtube_url&quot;:&quot;https:\\\/\\\/youtu.be\\\/uZOe10C06OU&quot;,&quot;video_type&quot;:&quot;youtube&quot;,&quot;controls&quot;:&quot;yes&quot;}\" data-widget_type=\"video.default\">\n\t\t\t\t<div class=\"elementor-widget-container\">\n\t\t\t\t\t\t\t<div class=\"elementor-wrapper elementor-open-inline\">\n\t\t\t<div class=\"elementor-video\"><\/div>\t\t<\/div>\n\t\t\t\t\t\t<\/div>\n\t\t\t\t<\/div>\n\t\t\t\t\t<\/div>\n\t\t\t\t<\/div>\n\t\t<div class=\"elementor-element elementor-element-eec6462 e-flex e-con-boxed wpr-particle-no wpr-jarallax-no wpr-parallax-no wpr-sticky-section-no wpr-equal-height-no e-con e-parent\" data-id=\"eec6462\" data-element_type=\"container\" data-e-type=\"container\">\n\t\t\t\t\t<div class=\"e-con-inner\">\n\t\t<div class=\"elementor-element elementor-element-bc3c2ec e-con-full e-flex wpr-particle-no wpr-jarallax-no wpr-parallax-no wpr-sticky-section-no wpr-equal-height-no e-con e-child\" data-id=\"bc3c2ec\" data-element_type=\"container\" data-e-type=\"container\">\n\t\t\t\t<div class=\"elementor-element elementor-element-0a731ce elementor-widget elementor-widget-text-editor\" data-id=\"0a731ce\" data-element_type=\"widget\" data-e-type=\"widget\" data-widget_type=\"text-editor.default\">\n\t\t\t\t<div class=\"elementor-widget-container\">\n\t\t\t\t\t\t\t\t\t<p class=\"p1\">\u2713 5-in-1 Cleaning: Combines sweeping, scrubbing, vacuuming, mopping, and dry mop functions in a single device.<\/p><p class=\"p1\">\u2713 Intelligent Navigation: Autonomous mapping with 360\u00ba sensors to avoid obstacles and adapt to the environment.<\/p><p class=\"p1\">\u2713 Ideal for Quiet Environments: Operates at noise levels \u226465 dB.<\/p><p class=\"p1\">\u2713 Multifunction Brushes: Designed with multiple brushes to ensure thorough cleaning on different floor types.<\/p><p>\u2713 Energy Efficient: Long-lasting battery with 3 to 8 hours of autonomy depending on the cleaning mode.<\/p>\t\t\t\t\t\t\t\t<\/div>\n\t\t\t\t<\/div>\n\t\t\t\t<\/div>\n\t\t<div class=\"elementor-element elementor-element-fe2f16c e-con-full e-flex wpr-particle-no wpr-jarallax-no wpr-parallax-no wpr-sticky-section-no wpr-equal-height-no e-con e-child\" data-id=\"fe2f16c\" data-element_type=\"container\" data-e-type=\"container\">\n\t\t\t\t<div class=\"elementor-element elementor-element-4e3d385 elementor-widget elementor-widget-text-editor\" data-id=\"4e3d385\" data-element_type=\"widget\" data-e-type=\"widget\" data-widget_type=\"text-editor.default\">\n\t\t\t\t<div class=\"elementor-widget-container\">\n\t\t\t\t\t\t\t\t\t<p class=\"p1\">\u2713 utomatic Charging and Maintenance: Automatically returns to the charging station for recharging and dirty water disposal.<\/p><p class=\"p1\">\u2713 Easy Scheduling: Intuitive interface for task scheduling and control.<\/p><p class=\"p1\">\u2713 Robust Construction: Built to withstand demanding industrial and commercial environments.<\/p>\t\t\t\t\t\t\t\t<\/div>\n\t\t\t\t<\/div>\n\t\t\t\t<\/div>\n\t\t\t\t\t<\/div>\n\t\t\t\t<\/div>\n\t\t\t\t<\/div>","protected":false},"excerpt":{"rendered":"<p>J40 \u2713 Limpeza 5 em 1: Combina varredura, esfregagem, aspira\u00e7\u00e3o, esfreg\u00e3o e mop seco num \u00fanico dispositivo.\u200b \u2713 Navega\u00e7\u00e3o Inteligente: Mapeamento aut\u00f3nomo com sensores 360\u00ba para evitar obst\u00e1culos e adaptar-se ao ambiente.\u200b \u2713 Ideal para Ambientes Silenciosos: Opera\u00e7\u00e3o com ru\u00eddo \u226465 dB \u2713 Escovas Multifun\u00e7\u00f5es: Design com v\u00e1rias escovas para garantir uma limpeza completa em diferentes tipos de pavimento.\u200b \u2713 Efici\u00eancia Energ\u00e9tica: Bateria de longa dura\u00e7\u00e3o com autonomia de 3 a 8 horas, dependendo do modo de opera\u00e7\u00e3o.\u200b \u2713 Carregamento e Manuten\u00e7\u00e3o Autom\u00e1ticos: Retorno autom\u00e1tico \u00e0 esta\u00e7\u00e3o de carga para recarga e descarte de \u00e1gua suja.\u200b \u2713 F\u00e1cil Programa\u00e7\u00e3o: Interface intuitiva para agendamento e controlo das tarefas de limpeza.\u200b \u2713 Constru\u00e7\u00e3o Robusta: Projetado para suportar ambientes industriais e comerciais exigentes.\u200b<\/p>","protected":false},"author":1,"featured_media":0,"parent":0,"menu_order":0,"comment_status":"closed","ping_status":"closed","template":"elementor_header_footer","meta":{"inline_featured_image":false,"footnotes":""},"class_list":["post-5024","page","type-page","status-publish","hentry"],"yoast_head":"<!-- This site is optimized with the Yoast SEO plugin v27.4 - https:\/\/yoast.com\/product\/yoast-seo-wordpress\/ -->\n<title>J40 - iDR<\/title>\n<meta name=\"robots\" content=\"index, follow, max-snippet:-1, max-image-preview:large, max-video-preview:-1\" \/>\n<link rel=\"canonical\" href=\"https:\/\/idr.pt\/en\/j40\/\" \/>\n<meta property=\"og:locale\" content=\"en_GB\" \/>\n<meta property=\"og:type\" content=\"article\" \/>\n<meta property=\"og:title\" content=\"J40 - iDR\" \/>\n<meta property=\"og:description\" content=\"J40 \u2713 Limpeza 5 em 1: Combina varredura, esfregagem, aspira\u00e7\u00e3o, esfreg\u00e3o e mop seco num \u00fanico dispositivo.\u200b \u2713 Navega\u00e7\u00e3o Inteligente: Mapeamento aut\u00f3nomo com sensores 360\u00ba para evitar obst\u00e1culos e adaptar-se ao ambiente.\u200b \u2713 Ideal para Ambientes Silenciosos: Opera\u00e7\u00e3o com ru\u00eddo \u226465 dB \u2713 Escovas Multifun\u00e7\u00f5es: Design com v\u00e1rias escovas para garantir uma limpeza completa em diferentes tipos de pavimento.\u200b \u2713 Efici\u00eancia Energ\u00e9tica: Bateria de longa dura\u00e7\u00e3o com autonomia de 3 a 8 horas, dependendo do modo de opera\u00e7\u00e3o.\u200b \u2713 Carregamento e Manuten\u00e7\u00e3o Autom\u00e1ticos: Retorno autom\u00e1tico \u00e0 esta\u00e7\u00e3o de carga para recarga e descarte de \u00e1gua suja.\u200b \u2713 F\u00e1cil Programa\u00e7\u00e3o: Interface intuitiva para agendamento e controlo das tarefas de limpeza.\u200b \u2713 Constru\u00e7\u00e3o Robusta: Projetado para suportar ambientes industriais e comerciais exigentes.\u200b\" \/>\n<meta property=\"og:url\" content=\"https:\/\/idr.pt\/en\/j40\/\" \/>\n<meta property=\"og:site_name\" content=\"iDR\" \/>\n<meta property=\"article:publisher\" content=\"https:\/\/www.facebook.com\/iDR.lda\/?locale=pt_PT\" \/>\n<meta property=\"article:modified_time\" content=\"2025-08-06T13:51:48+00:00\" \/>\n<meta name=\"twitter:card\" content=\"summary_large_image\" \/>\n<meta name=\"twitter:label1\" content=\"Estimated reading time\" \/>\n\t<meta name=\"twitter:data1\" content=\"1 minute\" \/>\n<script type=\"application\/ld+json\" class=\"yoast-schema-graph\">{\"@context\":\"https:\\\/\\\/schema.org\",\"@graph\":[{\"@type\":\"WebPage\",\"@id\":\"https:\\\/\\\/idr.pt\\\/j40\\\/\",\"url\":\"https:\\\/\\\/idr.pt\\\/j40\\\/\",\"name\":\"J40 - iDR\",\"isPartOf\":{\"@id\":\"https:\\\/\\\/idr.pt\\\/#website\"},\"datePublished\":\"2025-06-24T16:55:15+00:00\",\"dateModified\":\"2025-08-06T13:51:48+00:00\",\"breadcrumb\":{\"@id\":\"https:\\\/\\\/idr.pt\\\/j40\\\/#breadcrumb\"},\"inLanguage\":\"en-GB\",\"potentialAction\":[{\"@type\":\"ReadAction\",\"target\":[\"https:\\\/\\\/idr.pt\\\/j40\\\/\"]}]},{\"@type\":\"BreadcrumbList\",\"@id\":\"https:\\\/\\\/idr.pt\\\/j40\\\/#breadcrumb\",\"itemListElement\":[{\"@type\":\"ListItem\",\"position\":1,\"name\":\"In\u00edcio\",\"item\":\"https:\\\/\\\/idr.pt\\\/\"},{\"@type\":\"ListItem\",\"position\":2,\"name\":\"J40\"}]},{\"@type\":\"WebSite\",\"@id\":\"https:\\\/\\\/idr.pt\\\/#website\",\"url\":\"https:\\\/\\\/idr.pt\\\/\",\"name\":\"iDR\",\"description\":\"Dom\u00f3tica e Rob\u00f3tica\",\"publisher\":{\"@id\":\"https:\\\/\\\/idr.pt\\\/#organization\"},\"potentialAction\":[{\"@type\":\"SearchAction\",\"target\":{\"@type\":\"EntryPoint\",\"urlTemplate\":\"https:\\\/\\\/idr.pt\\\/?s={search_term_string}\"},\"query-input\":{\"@type\":\"PropertyValueSpecification\",\"valueRequired\":true,\"valueName\":\"search_term_string\"}}],\"inLanguage\":\"en-GB\"},{\"@type\":\"Organization\",\"@id\":\"https:\\\/\\\/idr.pt\\\/#organization\",\"name\":\"iDR\",\"url\":\"https:\\\/\\\/idr.pt\\\/\",\"logo\":{\"@type\":\"ImageObject\",\"inLanguage\":\"en-GB\",\"@id\":\"https:\\\/\\\/idr.pt\\\/#\\\/schema\\\/logo\\\/image\\\/\",\"url\":\"https:\\\/\\\/idr.pt\\\/wp-content\\\/uploads\\\/2025\\\/02\\\/Logo-IDR-400x144-1.png\",\"contentUrl\":\"https:\\\/\\\/idr.pt\\\/wp-content\\\/uploads\\\/2025\\\/02\\\/Logo-IDR-400x144-1.png\",\"width\":400,\"height\":144,\"caption\":\"iDR\"},\"image\":{\"@id\":\"https:\\\/\\\/idr.pt\\\/#\\\/schema\\\/logo\\\/image\\\/\"},\"sameAs\":[\"https:\\\/\\\/www.facebook.com\\\/iDR.lda\\\/?locale=pt_PT\",\"https:\\\/\\\/www.instagram.com\\\/idr_domotica_robotica\\\/\",\"https:\\\/\\\/www.linkedin.com\\\/company\\\/idr---domtica-i-robtica-lda.\\\/\",\"https:\\\/\\\/www.youtube.com\\\/@iDR2012\"]}]}<\/script>\n<!-- \/ Yoast SEO plugin. -->","yoast_head_json":{"title":"J40 - iDR","robots":{"index":"index","follow":"follow","max-snippet":"max-snippet:-1","max-image-preview":"max-image-preview:large","max-video-preview":"max-video-preview:-1"},"canonical":"https:\/\/idr.pt\/en\/j40\/","og_locale":"en_GB","og_type":"article","og_title":"J40 - iDR","og_description":"J40 \u2713 Limpeza 5 em 1: Combina varredura, esfregagem, aspira\u00e7\u00e3o, esfreg\u00e3o e mop seco num \u00fanico dispositivo.\u200b \u2713 Navega\u00e7\u00e3o Inteligente: Mapeamento aut\u00f3nomo com sensores 360\u00ba para evitar obst\u00e1culos e adaptar-se ao ambiente.\u200b \u2713 Ideal para Ambientes Silenciosos: Opera\u00e7\u00e3o com ru\u00eddo \u226465 dB \u2713 Escovas Multifun\u00e7\u00f5es: Design com v\u00e1rias escovas para garantir uma limpeza completa em diferentes tipos de pavimento.\u200b \u2713 Efici\u00eancia Energ\u00e9tica: Bateria de longa dura\u00e7\u00e3o com autonomia de 3 a 8 horas, dependendo do modo de opera\u00e7\u00e3o.\u200b \u2713 Carregamento e Manuten\u00e7\u00e3o Autom\u00e1ticos: Retorno autom\u00e1tico \u00e0 esta\u00e7\u00e3o de carga para recarga e descarte de \u00e1gua suja.\u200b \u2713 F\u00e1cil Programa\u00e7\u00e3o: Interface intuitiva para agendamento e controlo das tarefas de limpeza.\u200b \u2713 Constru\u00e7\u00e3o Robusta: Projetado para suportar ambientes industriais e comerciais exigentes.\u200b","og_url":"https:\/\/idr.pt\/en\/j40\/","og_site_name":"iDR","article_publisher":"https:\/\/www.facebook.com\/iDR.lda\/?locale=pt_PT","article_modified_time":"2025-08-06T13:51:48+00:00","twitter_card":"summary_large_image","twitter_misc":{"Estimated reading time":"1 minute"},"schema":{"@context":"https:\/\/schema.org","@graph":[{"@type":"WebPage","@id":"https:\/\/idr.pt\/j40\/","url":"https:\/\/idr.pt\/j40\/","name":"J40 - iDR","isPartOf":{"@id":"https:\/\/idr.pt\/#website"},"datePublished":"2025-06-24T16:55:15+00:00","dateModified":"2025-08-06T13:51:48+00:00","breadcrumb":{"@id":"https:\/\/idr.pt\/j40\/#breadcrumb"},"inLanguage":"en-GB","potentialAction":[{"@type":"ReadAction","target":["https:\/\/idr.pt\/j40\/"]}]},{"@type":"BreadcrumbList","@id":"https:\/\/idr.pt\/j40\/#breadcrumb","itemListElement":[{"@type":"ListItem","position":1,"name":"In\u00edcio","item":"https:\/\/idr.pt\/"},{"@type":"ListItem","position":2,"name":"J40"}]},{"@type":"WebSite","@id":"https:\/\/idr.pt\/#website","url":"https:\/\/idr.pt\/","name":"iDR","description":"Dom\u00f3tica e Rob\u00f3tica","publisher":{"@id":"https:\/\/idr.pt\/#organization"},"potentialAction":[{"@type":"SearchAction","target":{"@type":"EntryPoint","urlTemplate":"https:\/\/idr.pt\/?s={search_term_string}"},"query-input":{"@type":"PropertyValueSpecification","valueRequired":true,"valueName":"search_term_string"}}],"inLanguage":"en-GB"},{"@type":"Organization","@id":"https:\/\/idr.pt\/#organization","name":"iDR","url":"https:\/\/idr.pt\/","logo":{"@type":"ImageObject","inLanguage":"en-GB","@id":"https:\/\/idr.pt\/#\/schema\/logo\/image\/","url":"https:\/\/idr.pt\/wp-content\/uploads\/2025\/02\/Logo-IDR-400x144-1.png","contentUrl":"https:\/\/idr.pt\/wp-content\/uploads\/2025\/02\/Logo-IDR-400x144-1.png","width":400,"height":144,"caption":"iDR"},"image":{"@id":"https:\/\/idr.pt\/#\/schema\/logo\/image\/"},"sameAs":["https:\/\/www.facebook.com\/iDR.lda\/?locale=pt_PT","https:\/\/www.instagram.com\/idr_domotica_robotica\/","https:\/\/www.linkedin.com\/company\/idr---domtica-i-robtica-lda.\/","https:\/\/www.youtube.com\/@iDR2012"]}]}},"_links":{"self":[{"href":"https:\/\/idr.pt\/en\/wp-json\/wp\/v2\/pages\/5024","targetHints":{"allow":["GET"]}}],"collection":[{"href":"https:\/\/idr.pt\/en\/wp-json\/wp\/v2\/pages"}],"about":[{"href":"https:\/\/idr.pt\/en\/wp-json\/wp\/v2\/types\/page"}],"author":[{"embeddable":true,"href":"https:\/\/idr.pt\/en\/wp-json\/wp\/v2\/users\/1"}],"replies":[{"embeddable":true,"href":"https:\/\/idr.pt\/en\/wp-json\/wp\/v2\/comments?post=5024"}],"version-history":[{"count":17,"href":"https:\/\/idr.pt\/en\/wp-json\/wp\/v2\/pages\/5024\/revisions"}],"predecessor-version":[{"id":5802,"href":"https:\/\/idr.pt\/en\/wp-json\/wp\/v2\/pages\/5024\/revisions\/5802"}],"wp:attachment":[{"href":"https:\/\/idr.pt\/en\/wp-json\/wp\/v2\/media?parent=5024"}],"curies":[{"name":"wp","href":"https:\/\/api.w.org\/{rel}","templated":true}]}}