{"id":5000,"date":"2025-06-24T16:50:26","date_gmt":"2025-06-24T16:50:26","guid":{"rendered":"https:\/\/idr.pt\/?page_id=5000"},"modified":"2025-08-06T13:53:34","modified_gmt":"2025-08-06T13:53:34","slug":"luckibot-pro-outdoor-geriatria-e-saude","status":"publish","type":"page","link":"https:\/\/idr.pt\/en\/luckibot-pro-outdoor-geriatria-e-saude\/","title":{"rendered":"LuckiBot Pro Outdoor Geriatria e Sa\u00fade"},"content":{"rendered":"<div data-elementor-type=\"wp-page\" data-elementor-id=\"5000\" class=\"elementor elementor-5000\" data-elementor-post-type=\"page\">\n\t\t\t\t<div class=\"elementor-element elementor-element-cb98f2f e-flex e-con-boxed wpr-particle-no wpr-jarallax-no wpr-parallax-no wpr-sticky-section-no wpr-equal-height-no e-con e-parent\" data-id=\"cb98f2f\" data-element_type=\"container\" data-e-type=\"container\">\n\t\t\t\t\t<div class=\"e-con-inner\">\n\t\t\t\t<div class=\"elementor-element elementor-element-ed02121 elementor-widget elementor-widget-spacer\" data-id=\"ed02121\" data-element_type=\"widget\" data-e-type=\"widget\" data-widget_type=\"spacer.default\">\n\t\t\t\t<div class=\"elementor-widget-container\">\n\t\t\t\t\t\t\t<div class=\"elementor-spacer\">\n\t\t\t<div class=\"elementor-spacer-inner\"><\/div>\n\t\t<\/div>\n\t\t\t\t\t\t<\/div>\n\t\t\t\t<\/div>\n\t\t\t\t<div class=\"elementor-element elementor-element-22a90ce elementor-widget elementor-widget-heading\" data-id=\"22a90ce\" data-element_type=\"widget\" data-e-type=\"widget\" data-widget_type=\"heading.default\">\n\t\t\t\t<div class=\"elementor-widget-container\">\n\t\t\t\t\t<h2 class=\"elementor-heading-title elementor-size-default\">LuckiBot Pro Outdoor<\/h2>\t\t\t\t<\/div>\n\t\t\t\t<\/div>\n\t\t\t\t<div class=\"elementor-element elementor-element-5f06717 elementor-widget elementor-widget-video\" data-id=\"5f06717\" data-element_type=\"widget\" data-e-type=\"widget\" data-settings=\"{&quot;youtube_url&quot;:&quot;https:\\\/\\\/youtu.be\\\/78IRfRtj_pg&quot;,&quot;video_type&quot;:&quot;youtube&quot;,&quot;controls&quot;:&quot;yes&quot;}\" data-widget_type=\"video.default\">\n\t\t\t\t<div class=\"elementor-widget-container\">\n\t\t\t\t\t\t\t<div class=\"elementor-wrapper elementor-open-inline\">\n\t\t\t<div class=\"elementor-video\"><\/div>\t\t<\/div>\n\t\t\t\t\t\t<\/div>\n\t\t\t\t<\/div>\n\t\t\t\t\t<\/div>\n\t\t\t\t<\/div>\n\t\t<div class=\"elementor-element elementor-element-eec6462 e-flex e-con-boxed wpr-particle-no wpr-jarallax-no wpr-parallax-no wpr-sticky-section-no wpr-equal-height-no e-con e-parent\" data-id=\"eec6462\" data-element_type=\"container\" data-e-type=\"container\">\n\t\t\t\t\t<div class=\"e-con-inner\">\n\t\t<div class=\"elementor-element elementor-element-bc3c2ec e-con-full e-flex wpr-particle-no wpr-jarallax-no wpr-parallax-no wpr-sticky-section-no wpr-equal-height-no e-con e-child\" data-id=\"bc3c2ec\" data-element_type=\"container\" data-e-type=\"container\">\n\t\t\t\t<div class=\"elementor-element elementor-element-0a731ce elementor-widget elementor-widget-text-editor\" data-id=\"0a731ce\" data-element_type=\"widget\" data-e-type=\"widget\" data-widget_type=\"text-editor.default\">\n\t\t\t\t<div class=\"elementor-widget-container\">\n\t\t\t\t\t\t\t\t\t<p class=\"p1\">\u2713 Autonomous delivery of medicines and medical supplies<\/p><p class=\"p1\">\u2713 Assistance with meal delivery to patients<\/p><p class=\"p1\">\u2713 Voice interaction to facilitate communication<\/p><p class=\"p1\">\u2713 Guidance within the hospital or clinic, helping patients find specific areas<\/p>\t\t\t\t\t\t\t\t<\/div>\n\t\t\t\t<\/div>\n\t\t\t\t<\/div>\n\t\t<div class=\"elementor-element elementor-element-fe2f16c e-con-full e-flex wpr-particle-no wpr-jarallax-no wpr-parallax-no wpr-sticky-section-no wpr-equal-height-no e-con e-child\" data-id=\"fe2f16c\" data-element_type=\"container\" data-e-type=\"container\">\n\t\t\t\t<div class=\"elementor-element elementor-element-4e3d385 elementor-widget elementor-widget-text-editor\" data-id=\"4e3d385\" data-element_type=\"widget\" data-e-type=\"widget\" data-widget_type=\"text-editor.default\">\n\t\t\t\t<div class=\"elementor-widget-container\">\n\t\t\t\t\t\t\t\t\t<p class=\"p1\">\u2713 Safe and autonomous navigation, avoiding obstacles and ensuring efficient traffic flow<\/p><p class=\"p1\">\u2713 Confirmation of product and material receipt, ensuring traceability<\/p><p class=\"p1\">\u2713 Support for patients with reduced mobility, facilitating access to information and services<\/p>\t\t\t\t\t\t\t\t<\/div>\n\t\t\t\t<\/div>\n\t\t\t\t<\/div>\n\t\t\t\t\t<\/div>\n\t\t\t\t<\/div>\n\t\t\t\t<\/div>","protected":false},"excerpt":{"rendered":"<p>LuckiBot Pro Outdoor \u2713 Entrega aut\u00f3noma de medicamentos e materiais m\u00e9dicos \u2713 Assist\u00eancia na entrega de refei\u00e7\u00f5es a pacientes. \u2713 Intera\u00e7\u00e3o por voz para facilitar a comunica\u00e7\u00e3o. \u2713 Orienta\u00e7\u00e3o dentro do hospital ou cl\u00ednica, ajudando os pacientes a encontrar \u00e1reas espec\u00edficas. \u2713 Navega\u00e7\u00e3o segura e aut\u00f3noma evitando obst\u00e1culos e garantindo o tr\u00e1fego eficiente. \u2713 Confirma\u00e7\u00e3o de recebimento de produtos e materiais, garantindo rastreabilidade. \u2713 Apoio a pacientes com mobilidade reduzida, facilitando o seu acesso a informa\u00e7\u00f5es e servi\u00e7os.<\/p>","protected":false},"author":1,"featured_media":0,"parent":0,"menu_order":0,"comment_status":"closed","ping_status":"closed","template":"elementor_header_footer","meta":{"inline_featured_image":false,"footnotes":""},"class_list":["post-5000","page","type-page","status-publish","hentry"],"yoast_head":"<!-- This site is optimized with the Yoast SEO plugin v27.4 - https:\/\/yoast.com\/product\/yoast-seo-wordpress\/ -->\n<title>LuckiBot Pro Outdoor Geriatria e Sa\u00fade - iDR<\/title>\n<meta name=\"robots\" content=\"index, follow, max-snippet:-1, max-image-preview:large, max-video-preview:-1\" \/>\n<link rel=\"canonical\" href=\"https:\/\/idr.pt\/en\/luckibot-pro-outdoor-geriatria-e-saude\/\" \/>\n<meta property=\"og:locale\" content=\"en_GB\" \/>\n<meta property=\"og:type\" content=\"article\" \/>\n<meta property=\"og:title\" content=\"LuckiBot Pro Outdoor Geriatria e Sa\u00fade - iDR\" \/>\n<meta property=\"og:description\" content=\"LuckiBot Pro Outdoor \u2713 Entrega aut\u00f3noma de medicamentos e materiais m\u00e9dicos \u2713 Assist\u00eancia na entrega de refei\u00e7\u00f5es a pacientes. \u2713 Intera\u00e7\u00e3o por voz para facilitar a comunica\u00e7\u00e3o. \u2713 Orienta\u00e7\u00e3o dentro do hospital ou cl\u00ednica, ajudando os pacientes a encontrar \u00e1reas espec\u00edficas. \u2713 Navega\u00e7\u00e3o segura e aut\u00f3noma evitando obst\u00e1culos e garantindo o tr\u00e1fego eficiente. \u2713 Confirma\u00e7\u00e3o de recebimento de produtos e materiais, garantindo rastreabilidade. \u2713 Apoio a pacientes com mobilidade reduzida, facilitando o seu acesso a informa\u00e7\u00f5es e servi\u00e7os.\" \/>\n<meta property=\"og:url\" content=\"https:\/\/idr.pt\/en\/luckibot-pro-outdoor-geriatria-e-saude\/\" \/>\n<meta property=\"og:site_name\" content=\"iDR\" \/>\n<meta property=\"article:publisher\" content=\"https:\/\/www.facebook.com\/iDR.lda\/?locale=pt_PT\" \/>\n<meta property=\"article:modified_time\" content=\"2025-08-06T13:53:34+00:00\" \/>\n<meta name=\"twitter:card\" content=\"summary_large_image\" \/>\n<meta name=\"twitter:label1\" content=\"Estimated reading time\" \/>\n\t<meta name=\"twitter:data1\" content=\"1 minute\" \/>\n<script type=\"application\/ld+json\" class=\"yoast-schema-graph\">{\"@context\":\"https:\\\/\\\/schema.org\",\"@graph\":[{\"@type\":\"WebPage\",\"@id\":\"https:\\\/\\\/idr.pt\\\/luckibot-pro-outdoor-geriatria-e-saude\\\/\",\"url\":\"https:\\\/\\\/idr.pt\\\/luckibot-pro-outdoor-geriatria-e-saude\\\/\",\"name\":\"LuckiBot Pro Outdoor Geriatria e Sa\u00fade - iDR\",\"isPartOf\":{\"@id\":\"https:\\\/\\\/idr.pt\\\/#website\"},\"datePublished\":\"2025-06-24T16:50:26+00:00\",\"dateModified\":\"2025-08-06T13:53:34+00:00\",\"breadcrumb\":{\"@id\":\"https:\\\/\\\/idr.pt\\\/luckibot-pro-outdoor-geriatria-e-saude\\\/#breadcrumb\"},\"inLanguage\":\"en-GB\",\"potentialAction\":[{\"@type\":\"ReadAction\",\"target\":[\"https:\\\/\\\/idr.pt\\\/luckibot-pro-outdoor-geriatria-e-saude\\\/\"]}]},{\"@type\":\"BreadcrumbList\",\"@id\":\"https:\\\/\\\/idr.pt\\\/luckibot-pro-outdoor-geriatria-e-saude\\\/#breadcrumb\",\"itemListElement\":[{\"@type\":\"ListItem\",\"position\":1,\"name\":\"In\u00edcio\",\"item\":\"https:\\\/\\\/idr.pt\\\/\"},{\"@type\":\"ListItem\",\"position\":2,\"name\":\"LuckiBot Pro Outdoor Geriatria e Sa\u00fade\"}]},{\"@type\":\"WebSite\",\"@id\":\"https:\\\/\\\/idr.pt\\\/#website\",\"url\":\"https:\\\/\\\/idr.pt\\\/\",\"name\":\"iDR\",\"description\":\"Dom\u00f3tica e Rob\u00f3tica\",\"publisher\":{\"@id\":\"https:\\\/\\\/idr.pt\\\/#organization\"},\"potentialAction\":[{\"@type\":\"SearchAction\",\"target\":{\"@type\":\"EntryPoint\",\"urlTemplate\":\"https:\\\/\\\/idr.pt\\\/?s={search_term_string}\"},\"query-input\":{\"@type\":\"PropertyValueSpecification\",\"valueRequired\":true,\"valueName\":\"search_term_string\"}}],\"inLanguage\":\"en-GB\"},{\"@type\":\"Organization\",\"@id\":\"https:\\\/\\\/idr.pt\\\/#organization\",\"name\":\"iDR\",\"url\":\"https:\\\/\\\/idr.pt\\\/\",\"logo\":{\"@type\":\"ImageObject\",\"inLanguage\":\"en-GB\",\"@id\":\"https:\\\/\\\/idr.pt\\\/#\\\/schema\\\/logo\\\/image\\\/\",\"url\":\"https:\\\/\\\/idr.pt\\\/wp-content\\\/uploads\\\/2025\\\/02\\\/Logo-IDR-400x144-1.png\",\"contentUrl\":\"https:\\\/\\\/idr.pt\\\/wp-content\\\/uploads\\\/2025\\\/02\\\/Logo-IDR-400x144-1.png\",\"width\":400,\"height\":144,\"caption\":\"iDR\"},\"image\":{\"@id\":\"https:\\\/\\\/idr.pt\\\/#\\\/schema\\\/logo\\\/image\\\/\"},\"sameAs\":[\"https:\\\/\\\/www.facebook.com\\\/iDR.lda\\\/?locale=pt_PT\",\"https:\\\/\\\/www.instagram.com\\\/idr_domotica_robotica\\\/\",\"https:\\\/\\\/www.linkedin.com\\\/company\\\/idr---domtica-i-robtica-lda.\\\/\",\"https:\\\/\\\/www.youtube.com\\\/@iDR2012\"]}]}<\/script>\n<!-- \/ Yoast SEO plugin. -->","yoast_head_json":{"title":"LuckiBot Pro Outdoor Geriatria e Sa\u00fade - iDR","robots":{"index":"index","follow":"follow","max-snippet":"max-snippet:-1","max-image-preview":"max-image-preview:large","max-video-preview":"max-video-preview:-1"},"canonical":"https:\/\/idr.pt\/en\/luckibot-pro-outdoor-geriatria-e-saude\/","og_locale":"en_GB","og_type":"article","og_title":"LuckiBot Pro Outdoor Geriatria e Sa\u00fade - iDR","og_description":"LuckiBot Pro Outdoor \u2713 Entrega aut\u00f3noma de medicamentos e materiais m\u00e9dicos \u2713 Assist\u00eancia na entrega de refei\u00e7\u00f5es a pacientes. \u2713 Intera\u00e7\u00e3o por voz para facilitar a comunica\u00e7\u00e3o. \u2713 Orienta\u00e7\u00e3o dentro do hospital ou cl\u00ednica, ajudando os pacientes a encontrar \u00e1reas espec\u00edficas. \u2713 Navega\u00e7\u00e3o segura e aut\u00f3noma evitando obst\u00e1culos e garantindo o tr\u00e1fego eficiente. \u2713 Confirma\u00e7\u00e3o de recebimento de produtos e materiais, garantindo rastreabilidade. \u2713 Apoio a pacientes com mobilidade reduzida, facilitando o seu acesso a informa\u00e7\u00f5es e servi\u00e7os.","og_url":"https:\/\/idr.pt\/en\/luckibot-pro-outdoor-geriatria-e-saude\/","og_site_name":"iDR","article_publisher":"https:\/\/www.facebook.com\/iDR.lda\/?locale=pt_PT","article_modified_time":"2025-08-06T13:53:34+00:00","twitter_card":"summary_large_image","twitter_misc":{"Estimated reading time":"1 minute"},"schema":{"@context":"https:\/\/schema.org","@graph":[{"@type":"WebPage","@id":"https:\/\/idr.pt\/luckibot-pro-outdoor-geriatria-e-saude\/","url":"https:\/\/idr.pt\/luckibot-pro-outdoor-geriatria-e-saude\/","name":"LuckiBot Pro Outdoor Geriatria e Sa\u00fade - iDR","isPartOf":{"@id":"https:\/\/idr.pt\/#website"},"datePublished":"2025-06-24T16:50:26+00:00","dateModified":"2025-08-06T13:53:34+00:00","breadcrumb":{"@id":"https:\/\/idr.pt\/luckibot-pro-outdoor-geriatria-e-saude\/#breadcrumb"},"inLanguage":"en-GB","potentialAction":[{"@type":"ReadAction","target":["https:\/\/idr.pt\/luckibot-pro-outdoor-geriatria-e-saude\/"]}]},{"@type":"BreadcrumbList","@id":"https:\/\/idr.pt\/luckibot-pro-outdoor-geriatria-e-saude\/#breadcrumb","itemListElement":[{"@type":"ListItem","position":1,"name":"In\u00edcio","item":"https:\/\/idr.pt\/"},{"@type":"ListItem","position":2,"name":"LuckiBot Pro Outdoor Geriatria e Sa\u00fade"}]},{"@type":"WebSite","@id":"https:\/\/idr.pt\/#website","url":"https:\/\/idr.pt\/","name":"iDR","description":"Dom\u00f3tica e Rob\u00f3tica","publisher":{"@id":"https:\/\/idr.pt\/#organization"},"potentialAction":[{"@type":"SearchAction","target":{"@type":"EntryPoint","urlTemplate":"https:\/\/idr.pt\/?s={search_term_string}"},"query-input":{"@type":"PropertyValueSpecification","valueRequired":true,"valueName":"search_term_string"}}],"inLanguage":"en-GB"},{"@type":"Organization","@id":"https:\/\/idr.pt\/#organization","name":"iDR","url":"https:\/\/idr.pt\/","logo":{"@type":"ImageObject","inLanguage":"en-GB","@id":"https:\/\/idr.pt\/#\/schema\/logo\/image\/","url":"https:\/\/idr.pt\/wp-content\/uploads\/2025\/02\/Logo-IDR-400x144-1.png","contentUrl":"https:\/\/idr.pt\/wp-content\/uploads\/2025\/02\/Logo-IDR-400x144-1.png","width":400,"height":144,"caption":"iDR"},"image":{"@id":"https:\/\/idr.pt\/#\/schema\/logo\/image\/"},"sameAs":["https:\/\/www.facebook.com\/iDR.lda\/?locale=pt_PT","https:\/\/www.instagram.com\/idr_domotica_robotica\/","https:\/\/www.linkedin.com\/company\/idr---domtica-i-robtica-lda.\/","https:\/\/www.youtube.com\/@iDR2012"]}]}},"_links":{"self":[{"href":"https:\/\/idr.pt\/en\/wp-json\/wp\/v2\/pages\/5000","targetHints":{"allow":["GET"]}}],"collection":[{"href":"https:\/\/idr.pt\/en\/wp-json\/wp\/v2\/pages"}],"about":[{"href":"https:\/\/idr.pt\/en\/wp-json\/wp\/v2\/types\/page"}],"author":[{"embeddable":true,"href":"https:\/\/idr.pt\/en\/wp-json\/wp\/v2\/users\/1"}],"replies":[{"embeddable":true,"href":"https:\/\/idr.pt\/en\/wp-json\/wp\/v2\/comments?post=5000"}],"version-history":[{"count":14,"href":"https:\/\/idr.pt\/en\/wp-json\/wp\/v2\/pages\/5000\/revisions"}],"predecessor-version":[{"id":5813,"href":"https:\/\/idr.pt\/en\/wp-json\/wp\/v2\/pages\/5000\/revisions\/5813"}],"wp:attachment":[{"href":"https:\/\/idr.pt\/en\/wp-json\/wp\/v2\/media?parent=5000"}],"curies":[{"name":"wp","href":"https:\/\/api.w.org\/{rel}","templated":true}]}}