{"id":4992,"date":"2025-06-24T16:48:23","date_gmt":"2025-06-24T16:48:23","guid":{"rendered":"https:\/\/idr.pt\/?page_id=4992"},"modified":"2025-08-06T13:57:13","modified_gmt":"2025-08-06T13:57:13","slug":"temi-geriatria-e-saude","status":"publish","type":"page","link":"https:\/\/idr.pt\/en\/temi-geriatria-e-saude\/","title":{"rendered":"Temi Geriatria e Sa\u00fade"},"content":{"rendered":"<div data-elementor-type=\"wp-page\" data-elementor-id=\"4992\" class=\"elementor elementor-4992\" data-elementor-post-type=\"page\">\n\t\t\t\t<div class=\"elementor-element elementor-element-cb98f2f e-flex e-con-boxed wpr-particle-no wpr-jarallax-no wpr-parallax-no wpr-sticky-section-no wpr-equal-height-no e-con e-parent\" data-id=\"cb98f2f\" data-element_type=\"container\" data-e-type=\"container\">\n\t\t\t\t\t<div class=\"e-con-inner\">\n\t\t\t\t<div class=\"elementor-element elementor-element-ed02121 elementor-widget elementor-widget-spacer\" data-id=\"ed02121\" data-element_type=\"widget\" data-e-type=\"widget\" data-widget_type=\"spacer.default\">\n\t\t\t\t<div class=\"elementor-widget-container\">\n\t\t\t\t\t\t\t<div class=\"elementor-spacer\">\n\t\t\t<div class=\"elementor-spacer-inner\"><\/div>\n\t\t<\/div>\n\t\t\t\t\t\t<\/div>\n\t\t\t\t<\/div>\n\t\t\t\t<div class=\"elementor-element elementor-element-22a90ce elementor-widget elementor-widget-heading\" data-id=\"22a90ce\" data-element_type=\"widget\" data-e-type=\"widget\" data-widget_type=\"heading.default\">\n\t\t\t\t<div class=\"elementor-widget-container\">\n\t\t\t\t\t<h2 class=\"elementor-heading-title elementor-size-default\">Temi<\/h2>\t\t\t\t<\/div>\n\t\t\t\t<\/div>\n\t\t\t\t<div class=\"elementor-element elementor-element-5f06717 elementor-widget elementor-widget-video\" data-id=\"5f06717\" data-element_type=\"widget\" data-e-type=\"widget\" data-settings=\"{&quot;youtube_url&quot;:&quot;https:\\\/\\\/youtu.be\\\/oapOBalZxQE&quot;,&quot;video_type&quot;:&quot;youtube&quot;,&quot;controls&quot;:&quot;yes&quot;}\" data-widget_type=\"video.default\">\n\t\t\t\t<div class=\"elementor-widget-container\">\n\t\t\t\t\t\t\t<div class=\"elementor-wrapper elementor-open-inline\">\n\t\t\t<div class=\"elementor-video\"><\/div>\t\t<\/div>\n\t\t\t\t\t\t<\/div>\n\t\t\t\t<\/div>\n\t\t\t\t\t<\/div>\n\t\t\t\t<\/div>\n\t\t<div class=\"elementor-element elementor-element-eec6462 e-flex e-con-boxed wpr-particle-no wpr-jarallax-no wpr-parallax-no wpr-sticky-section-no wpr-equal-height-no e-con e-parent\" data-id=\"eec6462\" data-element_type=\"container\" data-e-type=\"container\">\n\t\t\t\t\t<div class=\"e-con-inner\">\n\t\t<div class=\"elementor-element elementor-element-bc3c2ec e-con-full e-flex wpr-particle-no wpr-jarallax-no wpr-parallax-no wpr-sticky-section-no wpr-equal-height-no e-con e-child\" data-id=\"bc3c2ec\" data-element_type=\"container\" data-e-type=\"container\">\n\t\t\t\t<div class=\"elementor-element elementor-element-0a731ce elementor-widget elementor-widget-text-editor\" data-id=\"0a731ce\" data-element_type=\"widget\" data-e-type=\"widget\" data-widget_type=\"text-editor.default\">\n\t\t\t\t<div class=\"elementor-widget-container\">\n\t\t\t\t\t\t\t\t\t<p>\u2713 Reception and welcoming of residents<\/p><p>\u2713 Guidance and accompaniment within the facility<\/p><p>\u2713 Communication in over 20 languages<\/p><p>\u2713 Real-time remote monitoring of the environment (via robot\u2019s camera)<\/p><p>\u2713 Autonomous patrols with live video streaming<\/p><p>\u2713 Video calls with family members or healthcare professionals<\/p><p>\u2713 Monitoring and recording of information (through integration)<\/p><p>\u2713 Medication or activity reminders<\/p>\t\t\t\t\t\t\t\t<\/div>\n\t\t\t\t<\/div>\n\t\t\t\t<\/div>\n\t\t<div class=\"elementor-element elementor-element-fe2f16c e-con-full e-flex wpr-particle-no wpr-jarallax-no wpr-parallax-no wpr-sticky-section-no wpr-equal-height-no e-con e-child\" data-id=\"fe2f16c\" data-element_type=\"container\" data-e-type=\"container\">\n\t\t\t\t<div class=\"elementor-element elementor-element-4e3d385 elementor-widget elementor-widget-text-editor\" data-id=\"4e3d385\" data-element_type=\"widget\" data-e-type=\"widget\" data-widget_type=\"text-editor.default\">\n\t\t\t\t<div class=\"elementor-widget-container\">\n\t\t\t\t\t\t\t\t\t<p>\u2713 Promotion of activities, services, and useful information<\/p><p>\u2713 Display of educational or recreational videos and content<\/p><p>\u2713 Collection of feedback or information from residents<\/p><p>\u2713 Taking photographs (optional)<\/p><p>\u2713 Voice and touch interaction<\/p><p>\u2713 Autonomous and safe navigation within the facility<\/p><p>\u2713 Automatic charging<\/p><p>\u2713 Customization of content and appearance according to clinical or institutional context<\/p>\t\t\t\t\t\t\t\t<\/div>\n\t\t\t\t<\/div>\n\t\t\t\t<\/div>\n\t\t\t\t\t<\/div>\n\t\t\t\t<\/div>\n\t\t\t\t<\/div>","protected":false},"excerpt":{"rendered":"<p>Temi \u2713 Rece\u00e7\u00e3o e boas-vindas aos utentes \u2713 Orienta\u00e7\u00e3o e acompanhamento pelo espa\u00e7o \u2713 Comunica\u00e7\u00e3o em mais de 20 idiomas \u2713 Monitoriza\u00e7\u00e3o remota do espa\u00e7o em tempo real (atrav\u00e9s da c\u00e2mara do rob\u00f4) \u2713 Fazer rondas aut\u00f3nomas com transmiss\u00e3o de v\u00eddeo em direto \u2713 Realiza\u00e7\u00e3o de videochamadas com familiares ou profissionais de sa\u00fade \u2713 Monitoriza\u00e7\u00e3o e registo de informa\u00e7\u00f5es (mediante integra\u00e7\u00e3o) \u2713 Recordat\u00f3rio de medica\u00e7\u00e3o ou atividades \u2713 Promo\u00e7\u00e3o de atividades, servi\u00e7os e informa\u00e7\u00f5es \u00fateis \u2713 Exibi\u00e7\u00e3o de v\u00eddeos e conte\u00fados educativos ou recreativos \u2713 Recolha de feedback ou informa\u00e7\u00f5es dos utentes \u2713 Tirar fotografias (opcional) \u2713 Intera\u00e7\u00e3o por voz e toque \u2713 Desloca\u00e7\u00e3o aut\u00f3noma e segura pelo espa\u00e7o \u2713 Carregamento autom\u00e1tico \u2713 Personaliza\u00e7\u00e3o de conte\u00fados e imagem ao contexto cl\u00ednico ou institucional<\/p>","protected":false},"author":1,"featured_media":0,"parent":0,"menu_order":0,"comment_status":"closed","ping_status":"closed","template":"elementor_header_footer","meta":{"inline_featured_image":false,"footnotes":""},"class_list":["post-4992","page","type-page","status-publish","hentry"],"yoast_head":"<!-- This site is optimized with the Yoast SEO plugin v27.4 - https:\/\/yoast.com\/product\/yoast-seo-wordpress\/ -->\n<title>Temi Geriatria e Sa\u00fade - iDR<\/title>\n<meta name=\"robots\" content=\"index, follow, max-snippet:-1, max-image-preview:large, max-video-preview:-1\" \/>\n<link rel=\"canonical\" href=\"https:\/\/idr.pt\/en\/temi-geriatria-e-saude\/\" \/>\n<meta property=\"og:locale\" content=\"en_GB\" \/>\n<meta property=\"og:type\" content=\"article\" \/>\n<meta property=\"og:title\" content=\"Temi Geriatria e Sa\u00fade - iDR\" \/>\n<meta property=\"og:description\" content=\"Temi \u2713 Rece\u00e7\u00e3o e boas-vindas aos utentes \u2713 Orienta\u00e7\u00e3o e acompanhamento pelo espa\u00e7o \u2713 Comunica\u00e7\u00e3o em mais de 20 idiomas \u2713 Monitoriza\u00e7\u00e3o remota do espa\u00e7o em tempo real (atrav\u00e9s da c\u00e2mara do rob\u00f4) \u2713 Fazer rondas aut\u00f3nomas com transmiss\u00e3o de v\u00eddeo em direto \u2713 Realiza\u00e7\u00e3o de videochamadas com familiares ou profissionais de sa\u00fade \u2713 Monitoriza\u00e7\u00e3o e registo de informa\u00e7\u00f5es (mediante integra\u00e7\u00e3o) \u2713 Recordat\u00f3rio de medica\u00e7\u00e3o ou atividades \u2713 Promo\u00e7\u00e3o de atividades, servi\u00e7os e informa\u00e7\u00f5es \u00fateis \u2713 Exibi\u00e7\u00e3o de v\u00eddeos e conte\u00fados educativos ou recreativos \u2713 Recolha de feedback ou informa\u00e7\u00f5es dos utentes \u2713 Tirar fotografias (opcional) \u2713 Intera\u00e7\u00e3o por voz e toque \u2713 Desloca\u00e7\u00e3o aut\u00f3noma e segura pelo espa\u00e7o \u2713 Carregamento autom\u00e1tico \u2713 Personaliza\u00e7\u00e3o de conte\u00fados e imagem ao contexto cl\u00ednico ou institucional\" \/>\n<meta property=\"og:url\" content=\"https:\/\/idr.pt\/en\/temi-geriatria-e-saude\/\" \/>\n<meta property=\"og:site_name\" content=\"iDR\" \/>\n<meta property=\"article:publisher\" content=\"https:\/\/www.facebook.com\/iDR.lda\/?locale=pt_PT\" \/>\n<meta property=\"article:modified_time\" content=\"2025-08-06T13:57:13+00:00\" \/>\n<meta name=\"twitter:card\" content=\"summary_large_image\" \/>\n<meta name=\"twitter:label1\" content=\"Estimated reading time\" \/>\n\t<meta name=\"twitter:data1\" content=\"1 minute\" \/>\n<script type=\"application\/ld+json\" class=\"yoast-schema-graph\">{\"@context\":\"https:\\\/\\\/schema.org\",\"@graph\":[{\"@type\":\"WebPage\",\"@id\":\"https:\\\/\\\/idr.pt\\\/temi-geriatria-e-saude\\\/\",\"url\":\"https:\\\/\\\/idr.pt\\\/temi-geriatria-e-saude\\\/\",\"name\":\"Temi Geriatria e Sa\u00fade - iDR\",\"isPartOf\":{\"@id\":\"https:\\\/\\\/idr.pt\\\/#website\"},\"datePublished\":\"2025-06-24T16:48:23+00:00\",\"dateModified\":\"2025-08-06T13:57:13+00:00\",\"breadcrumb\":{\"@id\":\"https:\\\/\\\/idr.pt\\\/temi-geriatria-e-saude\\\/#breadcrumb\"},\"inLanguage\":\"en-GB\",\"potentialAction\":[{\"@type\":\"ReadAction\",\"target\":[\"https:\\\/\\\/idr.pt\\\/temi-geriatria-e-saude\\\/\"]}]},{\"@type\":\"BreadcrumbList\",\"@id\":\"https:\\\/\\\/idr.pt\\\/temi-geriatria-e-saude\\\/#breadcrumb\",\"itemListElement\":[{\"@type\":\"ListItem\",\"position\":1,\"name\":\"In\u00edcio\",\"item\":\"https:\\\/\\\/idr.pt\\\/\"},{\"@type\":\"ListItem\",\"position\":2,\"name\":\"Temi Geriatria e Sa\u00fade\"}]},{\"@type\":\"WebSite\",\"@id\":\"https:\\\/\\\/idr.pt\\\/#website\",\"url\":\"https:\\\/\\\/idr.pt\\\/\",\"name\":\"iDR\",\"description\":\"Dom\u00f3tica e Rob\u00f3tica\",\"publisher\":{\"@id\":\"https:\\\/\\\/idr.pt\\\/#organization\"},\"potentialAction\":[{\"@type\":\"SearchAction\",\"target\":{\"@type\":\"EntryPoint\",\"urlTemplate\":\"https:\\\/\\\/idr.pt\\\/?s={search_term_string}\"},\"query-input\":{\"@type\":\"PropertyValueSpecification\",\"valueRequired\":true,\"valueName\":\"search_term_string\"}}],\"inLanguage\":\"en-GB\"},{\"@type\":\"Organization\",\"@id\":\"https:\\\/\\\/idr.pt\\\/#organization\",\"name\":\"iDR\",\"url\":\"https:\\\/\\\/idr.pt\\\/\",\"logo\":{\"@type\":\"ImageObject\",\"inLanguage\":\"en-GB\",\"@id\":\"https:\\\/\\\/idr.pt\\\/#\\\/schema\\\/logo\\\/image\\\/\",\"url\":\"https:\\\/\\\/idr.pt\\\/wp-content\\\/uploads\\\/2025\\\/02\\\/Logo-IDR-400x144-1.png\",\"contentUrl\":\"https:\\\/\\\/idr.pt\\\/wp-content\\\/uploads\\\/2025\\\/02\\\/Logo-IDR-400x144-1.png\",\"width\":400,\"height\":144,\"caption\":\"iDR\"},\"image\":{\"@id\":\"https:\\\/\\\/idr.pt\\\/#\\\/schema\\\/logo\\\/image\\\/\"},\"sameAs\":[\"https:\\\/\\\/www.facebook.com\\\/iDR.lda\\\/?locale=pt_PT\",\"https:\\\/\\\/www.instagram.com\\\/idr_domotica_robotica\\\/\",\"https:\\\/\\\/www.linkedin.com\\\/company\\\/idr---domtica-i-robtica-lda.\\\/\",\"https:\\\/\\\/www.youtube.com\\\/@iDR2012\"]}]}<\/script>\n<!-- \/ Yoast SEO plugin. -->","yoast_head_json":{"title":"Temi Geriatria e Sa\u00fade - iDR","robots":{"index":"index","follow":"follow","max-snippet":"max-snippet:-1","max-image-preview":"max-image-preview:large","max-video-preview":"max-video-preview:-1"},"canonical":"https:\/\/idr.pt\/en\/temi-geriatria-e-saude\/","og_locale":"en_GB","og_type":"article","og_title":"Temi Geriatria e Sa\u00fade - iDR","og_description":"Temi \u2713 Rece\u00e7\u00e3o e boas-vindas aos utentes \u2713 Orienta\u00e7\u00e3o e acompanhamento pelo espa\u00e7o \u2713 Comunica\u00e7\u00e3o em mais de 20 idiomas \u2713 Monitoriza\u00e7\u00e3o remota do espa\u00e7o em tempo real (atrav\u00e9s da c\u00e2mara do rob\u00f4) \u2713 Fazer rondas aut\u00f3nomas com transmiss\u00e3o de v\u00eddeo em direto \u2713 Realiza\u00e7\u00e3o de videochamadas com familiares ou profissionais de sa\u00fade \u2713 Monitoriza\u00e7\u00e3o e registo de informa\u00e7\u00f5es (mediante integra\u00e7\u00e3o) \u2713 Recordat\u00f3rio de medica\u00e7\u00e3o ou atividades \u2713 Promo\u00e7\u00e3o de atividades, servi\u00e7os e informa\u00e7\u00f5es \u00fateis \u2713 Exibi\u00e7\u00e3o de v\u00eddeos e conte\u00fados educativos ou recreativos \u2713 Recolha de feedback ou informa\u00e7\u00f5es dos utentes \u2713 Tirar fotografias (opcional) \u2713 Intera\u00e7\u00e3o por voz e toque \u2713 Desloca\u00e7\u00e3o aut\u00f3noma e segura pelo espa\u00e7o \u2713 Carregamento autom\u00e1tico \u2713 Personaliza\u00e7\u00e3o de conte\u00fados e imagem ao contexto cl\u00ednico ou institucional","og_url":"https:\/\/idr.pt\/en\/temi-geriatria-e-saude\/","og_site_name":"iDR","article_publisher":"https:\/\/www.facebook.com\/iDR.lda\/?locale=pt_PT","article_modified_time":"2025-08-06T13:57:13+00:00","twitter_card":"summary_large_image","twitter_misc":{"Estimated reading time":"1 minute"},"schema":{"@context":"https:\/\/schema.org","@graph":[{"@type":"WebPage","@id":"https:\/\/idr.pt\/temi-geriatria-e-saude\/","url":"https:\/\/idr.pt\/temi-geriatria-e-saude\/","name":"Temi Geriatria e Sa\u00fade - iDR","isPartOf":{"@id":"https:\/\/idr.pt\/#website"},"datePublished":"2025-06-24T16:48:23+00:00","dateModified":"2025-08-06T13:57:13+00:00","breadcrumb":{"@id":"https:\/\/idr.pt\/temi-geriatria-e-saude\/#breadcrumb"},"inLanguage":"en-GB","potentialAction":[{"@type":"ReadAction","target":["https:\/\/idr.pt\/temi-geriatria-e-saude\/"]}]},{"@type":"BreadcrumbList","@id":"https:\/\/idr.pt\/temi-geriatria-e-saude\/#breadcrumb","itemListElement":[{"@type":"ListItem","position":1,"name":"In\u00edcio","item":"https:\/\/idr.pt\/"},{"@type":"ListItem","position":2,"name":"Temi Geriatria e Sa\u00fade"}]},{"@type":"WebSite","@id":"https:\/\/idr.pt\/#website","url":"https:\/\/idr.pt\/","name":"iDR","description":"Dom\u00f3tica e Rob\u00f3tica","publisher":{"@id":"https:\/\/idr.pt\/#organization"},"potentialAction":[{"@type":"SearchAction","target":{"@type":"EntryPoint","urlTemplate":"https:\/\/idr.pt\/?s={search_term_string}"},"query-input":{"@type":"PropertyValueSpecification","valueRequired":true,"valueName":"search_term_string"}}],"inLanguage":"en-GB"},{"@type":"Organization","@id":"https:\/\/idr.pt\/#organization","name":"iDR","url":"https:\/\/idr.pt\/","logo":{"@type":"ImageObject","inLanguage":"en-GB","@id":"https:\/\/idr.pt\/#\/schema\/logo\/image\/","url":"https:\/\/idr.pt\/wp-content\/uploads\/2025\/02\/Logo-IDR-400x144-1.png","contentUrl":"https:\/\/idr.pt\/wp-content\/uploads\/2025\/02\/Logo-IDR-400x144-1.png","width":400,"height":144,"caption":"iDR"},"image":{"@id":"https:\/\/idr.pt\/#\/schema\/logo\/image\/"},"sameAs":["https:\/\/www.facebook.com\/iDR.lda\/?locale=pt_PT","https:\/\/www.instagram.com\/idr_domotica_robotica\/","https:\/\/www.linkedin.com\/company\/idr---domtica-i-robtica-lda.\/","https:\/\/www.youtube.com\/@iDR2012"]}]}},"_links":{"self":[{"href":"https:\/\/idr.pt\/en\/wp-json\/wp\/v2\/pages\/4992","targetHints":{"allow":["GET"]}}],"collection":[{"href":"https:\/\/idr.pt\/en\/wp-json\/wp\/v2\/pages"}],"about":[{"href":"https:\/\/idr.pt\/en\/wp-json\/wp\/v2\/types\/page"}],"author":[{"embeddable":true,"href":"https:\/\/idr.pt\/en\/wp-json\/wp\/v2\/users\/1"}],"replies":[{"embeddable":true,"href":"https:\/\/idr.pt\/en\/wp-json\/wp\/v2\/comments?post=4992"}],"version-history":[{"count":8,"href":"https:\/\/idr.pt\/en\/wp-json\/wp\/v2\/pages\/4992\/revisions"}],"predecessor-version":[{"id":5835,"href":"https:\/\/idr.pt\/en\/wp-json\/wp\/v2\/pages\/4992\/revisions\/5835"}],"wp:attachment":[{"href":"https:\/\/idr.pt\/en\/wp-json\/wp\/v2\/media?parent=4992"}],"curies":[{"name":"wp","href":"https:\/\/api.w.org\/{rel}","templated":true}]}}