{"id":4976,"date":"2025-06-24T16:43:36","date_gmt":"2025-06-24T16:43:36","guid":{"rendered":"https:\/\/idr.pt\/?page_id=4976"},"modified":"2025-08-06T13:45:54","modified_gmt":"2025-08-06T13:45:54","slug":"carrybot-02","status":"publish","type":"page","link":"https:\/\/idr.pt\/en\/carrybot-02\/","title":{"rendered":"CarryBot 02"},"content":{"rendered":"<div data-elementor-type=\"wp-page\" data-elementor-id=\"4976\" class=\"elementor elementor-4976\" data-elementor-post-type=\"page\">\n\t\t\t\t<div class=\"elementor-element elementor-element-cb98f2f e-flex e-con-boxed wpr-particle-no wpr-jarallax-no wpr-parallax-no wpr-sticky-section-no wpr-equal-height-no e-con e-parent\" data-id=\"cb98f2f\" data-element_type=\"container\" data-e-type=\"container\">\n\t\t\t\t\t<div class=\"e-con-inner\">\n\t\t\t\t<div class=\"elementor-element elementor-element-ed02121 elementor-widget elementor-widget-spacer\" data-id=\"ed02121\" data-element_type=\"widget\" data-e-type=\"widget\" data-widget_type=\"spacer.default\">\n\t\t\t\t<div class=\"elementor-widget-container\">\n\t\t\t\t\t\t\t<div class=\"elementor-spacer\">\n\t\t\t<div class=\"elementor-spacer-inner\"><\/div>\n\t\t<\/div>\n\t\t\t\t\t\t<\/div>\n\t\t\t\t<\/div>\n\t\t\t\t<div class=\"elementor-element elementor-element-22a90ce elementor-widget elementor-widget-heading\" data-id=\"22a90ce\" data-element_type=\"widget\" data-e-type=\"widget\" data-widget_type=\"heading.default\">\n\t\t\t\t<div class=\"elementor-widget-container\">\n\t\t\t\t\t<h2 class=\"elementor-heading-title elementor-size-default\">CarryBot 02<\/h2>\t\t\t\t<\/div>\n\t\t\t\t<\/div>\n\t\t\t\t<div class=\"elementor-element elementor-element-5f06717 elementor-widget elementor-widget-video\" data-id=\"5f06717\" data-element_type=\"widget\" data-e-type=\"widget\" data-settings=\"{&quot;youtube_url&quot;:&quot;https:\\\/\\\/youtu.be\\\/hxuuhZh2cZE&quot;,&quot;video_type&quot;:&quot;youtube&quot;,&quot;controls&quot;:&quot;yes&quot;}\" data-widget_type=\"video.default\">\n\t\t\t\t<div class=\"elementor-widget-container\">\n\t\t\t\t\t\t\t<div class=\"elementor-wrapper elementor-open-inline\">\n\t\t\t<div class=\"elementor-video\"><\/div>\t\t<\/div>\n\t\t\t\t\t\t<\/div>\n\t\t\t\t<\/div>\n\t\t\t\t\t<\/div>\n\t\t\t\t<\/div>\n\t\t<div class=\"elementor-element elementor-element-eec6462 e-flex e-con-boxed wpr-particle-no wpr-jarallax-no wpr-parallax-no wpr-sticky-section-no wpr-equal-height-no e-con e-parent\" data-id=\"eec6462\" data-element_type=\"container\" data-e-type=\"container\">\n\t\t\t\t\t<div class=\"e-con-inner\">\n\t\t<div class=\"elementor-element elementor-element-bc3c2ec e-con-full e-flex wpr-particle-no wpr-jarallax-no wpr-parallax-no wpr-sticky-section-no wpr-equal-height-no e-con e-child\" data-id=\"bc3c2ec\" data-element_type=\"container\" data-e-type=\"container\">\n\t\t\t\t<div class=\"elementor-element elementor-element-0a731ce elementor-widget elementor-widget-text-editor\" data-id=\"0a731ce\" data-element_type=\"widget\" data-e-type=\"widget\" data-widget_type=\"text-editor.default\">\n\t\t\t\t<div class=\"elementor-widget-container\">\n\t\t\t\t\t\t\t\t\t<p class=\"p1\">\u2713 Autonomous Navigation Capability: Intelligent navigation using sensors and mapping, avoiding obstacles and adapting to the environment.<\/p><p class=\"p1\">\u2713 Integration with Management and Logistics Systems (inventory management and ERP systems).<\/p><p class=\"p1\">\u2713 Movement Capability: Speed of 1.5 m\/s, able to move quickly in larger environments such as shopping centers or warehouses.<\/p><p class=\"p1\">\u2713 Compact and Functional Design: Ideal for small spaces and narrow corridors.<\/p><p class=\"p1\">\u2713 Load Capacity: Up to 50 kg, designed for environments with higher transport and load demands.<\/p>\t\t\t\t\t\t\t\t<\/div>\n\t\t\t\t<\/div>\n\t\t\t\t<\/div>\n\t\t<div class=\"elementor-element elementor-element-fe2f16c e-con-full e-flex wpr-particle-no wpr-jarallax-no wpr-parallax-no wpr-sticky-section-no wpr-equal-height-no e-con e-child\" data-id=\"fe2f16c\" data-element_type=\"container\" data-e-type=\"container\">\n\t\t\t\t<div class=\"elementor-element elementor-element-4e3d385 elementor-widget elementor-widget-text-editor\" data-id=\"4e3d385\" data-element_type=\"widget\" data-e-type=\"widget\" data-widget_type=\"text-editor.default\">\n\t\t\t\t<div class=\"elementor-widget-container\">\n\t\t\t\t\t\t\t\t\t<p class=\"p1\">\u2713 Automatic Charging, ensuring continuous operation without manual intervention.<\/p><p class=\"p1\">\u2713 Autonomous and Unsupervised Operation: No need for constant monitoring.<\/p><p class=\"p1\">\u2713 Versatile Use: Transports small or large items as required.<\/p><p class=\"p1\">\u2713 Low Noise Level: Quiet operation.<\/p><p class=\"p1\">\u2713 Navigation Sensors: Advanced navigation with 3D mapping, allowing more precise and efficient navigation in complex environments.<\/p><p class=\"p1\">\u2713 Battery Life: Capable of operating for 10 hours uninterrupted, with automatic charging to maintain productivity.<\/p>\t\t\t\t\t\t\t\t<\/div>\n\t\t\t\t<\/div>\n\t\t\t\t<\/div>\n\t\t\t\t\t<\/div>\n\t\t\t\t<\/div>\n\t\t\t\t<\/div>","protected":false},"excerpt":{"rendered":"<p>CarryBot 02 \u2713 Capacidade de Navega\u00e7\u00e3o Aut\u00f3noma: Navega\u00e7\u00e3o inteligente atrav\u00e9s de sensores e mapeamento, evitando obst\u00e1culos e adaptando-se ao ambiente. \u2713 Integra\u00e7\u00e3o com Sistemas de Gest\u00e3o e Log\u00edstica (sistemas de gest\u00e3o de invent\u00e1rio e ERP). \u2713 Capacidade de Movimento: Velocidade de 1,5 m\/s, capaz de se deslocar rapidamente em ambientes maiores, como centros comerciais ou armaz\u00e9ns. \u2713 Design Compacto e Funcional: Ideal para espa\u00e7os pequenos e corredores apertados. \u2713 Capacidade de Carga: At\u00e9 50 kg, projetado para ambientes com maior demanda de transporte e carga. \u2713 Carregamento Autom\u00e1tico, garantindo opera\u00e7\u00e3o cont\u00ednua sem necessidade de interven\u00e7\u00e3o manual. \u2713 Opera\u00e7\u00e3o Aut\u00f4noma e Sem Supervis\u00e3o: sem necessidade de monitoramento constante. \u2713 Versatilidade de Uso: Transporta itens pequenos ou grandes, conforme a necessidade. \u2713 Baixo N\u00edvel de Ru\u00eddo: Opera\u00e7\u00e3o silenciosa. \u2713 Sensores de Navega\u00e7\u00e3o: Navega\u00e7\u00e3o avan\u00e7ada com mapeamento 3D, permitindo uma navega\u00e7\u00e3o mais precisa e eficiente em ambientes complexos. \u2713 Autonomia: Capacidade de operar por 10 horas sem interrup\u00e7\u00e3o, com carga autom\u00e1tica para manter a produtividade.<\/p>","protected":false},"author":1,"featured_media":0,"parent":0,"menu_order":0,"comment_status":"closed","ping_status":"closed","template":"elementor_header_footer","meta":{"inline_featured_image":false,"footnotes":""},"class_list":["post-4976","page","type-page","status-publish","hentry"],"yoast_head":"<!-- This site is optimized with the Yoast SEO plugin v27.4 - https:\/\/yoast.com\/product\/yoast-seo-wordpress\/ -->\n<title>CarryBot 02 - iDR<\/title>\n<meta name=\"robots\" content=\"index, follow, max-snippet:-1, max-image-preview:large, max-video-preview:-1\" \/>\n<link rel=\"canonical\" href=\"https:\/\/idr.pt\/en\/carrybot-02\/\" \/>\n<meta property=\"og:locale\" content=\"en_GB\" \/>\n<meta property=\"og:type\" content=\"article\" \/>\n<meta property=\"og:title\" content=\"CarryBot 02 - iDR\" \/>\n<meta property=\"og:description\" content=\"CarryBot 02 \u2713 Capacidade de Navega\u00e7\u00e3o Aut\u00f3noma: Navega\u00e7\u00e3o inteligente atrav\u00e9s de sensores e mapeamento, evitando obst\u00e1culos e adaptando-se ao ambiente. \u2713 Integra\u00e7\u00e3o com Sistemas de Gest\u00e3o e Log\u00edstica (sistemas de gest\u00e3o de invent\u00e1rio e ERP). \u2713 Capacidade de Movimento: Velocidade de 1,5 m\/s, capaz de se deslocar rapidamente em ambientes maiores, como centros comerciais ou armaz\u00e9ns. \u2713 Design Compacto e Funcional: Ideal para espa\u00e7os pequenos e corredores apertados. \u2713 Capacidade de Carga: At\u00e9 50 kg, projetado para ambientes com maior demanda de transporte e carga. \u2713 Carregamento Autom\u00e1tico, garantindo opera\u00e7\u00e3o cont\u00ednua sem necessidade de interven\u00e7\u00e3o manual. \u2713 Opera\u00e7\u00e3o Aut\u00f4noma e Sem Supervis\u00e3o: sem necessidade de monitoramento constante. \u2713 Versatilidade de Uso: Transporta itens pequenos ou grandes, conforme a necessidade. \u2713 Baixo N\u00edvel de Ru\u00eddo: Opera\u00e7\u00e3o silenciosa. \u2713 Sensores de Navega\u00e7\u00e3o: Navega\u00e7\u00e3o avan\u00e7ada com mapeamento 3D, permitindo uma navega\u00e7\u00e3o mais precisa e eficiente em ambientes complexos. \u2713 Autonomia: Capacidade de operar por 10 horas sem interrup\u00e7\u00e3o, com carga autom\u00e1tica para manter a produtividade.\" \/>\n<meta property=\"og:url\" content=\"https:\/\/idr.pt\/en\/carrybot-02\/\" \/>\n<meta property=\"og:site_name\" content=\"iDR\" \/>\n<meta property=\"article:publisher\" content=\"https:\/\/www.facebook.com\/iDR.lda\/?locale=pt_PT\" \/>\n<meta property=\"article:modified_time\" content=\"2025-08-06T13:45:54+00:00\" \/>\n<meta name=\"twitter:card\" content=\"summary_large_image\" \/>\n<meta name=\"twitter:label1\" content=\"Estimated reading time\" \/>\n\t<meta name=\"twitter:data1\" content=\"1 minute\" \/>\n<script type=\"application\/ld+json\" class=\"yoast-schema-graph\">{\"@context\":\"https:\\\/\\\/schema.org\",\"@graph\":[{\"@type\":\"WebPage\",\"@id\":\"https:\\\/\\\/idr.pt\\\/carrybot-02\\\/\",\"url\":\"https:\\\/\\\/idr.pt\\\/carrybot-02\\\/\",\"name\":\"CarryBot 02 - iDR\",\"isPartOf\":{\"@id\":\"https:\\\/\\\/idr.pt\\\/#website\"},\"datePublished\":\"2025-06-24T16:43:36+00:00\",\"dateModified\":\"2025-08-06T13:45:54+00:00\",\"breadcrumb\":{\"@id\":\"https:\\\/\\\/idr.pt\\\/carrybot-02\\\/#breadcrumb\"},\"inLanguage\":\"en-GB\",\"potentialAction\":[{\"@type\":\"ReadAction\",\"target\":[\"https:\\\/\\\/idr.pt\\\/carrybot-02\\\/\"]}]},{\"@type\":\"BreadcrumbList\",\"@id\":\"https:\\\/\\\/idr.pt\\\/carrybot-02\\\/#breadcrumb\",\"itemListElement\":[{\"@type\":\"ListItem\",\"position\":1,\"name\":\"In\u00edcio\",\"item\":\"https:\\\/\\\/idr.pt\\\/\"},{\"@type\":\"ListItem\",\"position\":2,\"name\":\"CarryBot 02\"}]},{\"@type\":\"WebSite\",\"@id\":\"https:\\\/\\\/idr.pt\\\/#website\",\"url\":\"https:\\\/\\\/idr.pt\\\/\",\"name\":\"iDR\",\"description\":\"Dom\u00f3tica e Rob\u00f3tica\",\"publisher\":{\"@id\":\"https:\\\/\\\/idr.pt\\\/#organization\"},\"potentialAction\":[{\"@type\":\"SearchAction\",\"target\":{\"@type\":\"EntryPoint\",\"urlTemplate\":\"https:\\\/\\\/idr.pt\\\/?s={search_term_string}\"},\"query-input\":{\"@type\":\"PropertyValueSpecification\",\"valueRequired\":true,\"valueName\":\"search_term_string\"}}],\"inLanguage\":\"en-GB\"},{\"@type\":\"Organization\",\"@id\":\"https:\\\/\\\/idr.pt\\\/#organization\",\"name\":\"iDR\",\"url\":\"https:\\\/\\\/idr.pt\\\/\",\"logo\":{\"@type\":\"ImageObject\",\"inLanguage\":\"en-GB\",\"@id\":\"https:\\\/\\\/idr.pt\\\/#\\\/schema\\\/logo\\\/image\\\/\",\"url\":\"https:\\\/\\\/idr.pt\\\/wp-content\\\/uploads\\\/2025\\\/02\\\/Logo-IDR-400x144-1.png\",\"contentUrl\":\"https:\\\/\\\/idr.pt\\\/wp-content\\\/uploads\\\/2025\\\/02\\\/Logo-IDR-400x144-1.png\",\"width\":400,\"height\":144,\"caption\":\"iDR\"},\"image\":{\"@id\":\"https:\\\/\\\/idr.pt\\\/#\\\/schema\\\/logo\\\/image\\\/\"},\"sameAs\":[\"https:\\\/\\\/www.facebook.com\\\/iDR.lda\\\/?locale=pt_PT\",\"https:\\\/\\\/www.instagram.com\\\/idr_domotica_robotica\\\/\",\"https:\\\/\\\/www.linkedin.com\\\/company\\\/idr---domtica-i-robtica-lda.\\\/\",\"https:\\\/\\\/www.youtube.com\\\/@iDR2012\"]}]}<\/script>\n<!-- \/ Yoast SEO plugin. -->","yoast_head_json":{"title":"CarryBot 02 - iDR","robots":{"index":"index","follow":"follow","max-snippet":"max-snippet:-1","max-image-preview":"max-image-preview:large","max-video-preview":"max-video-preview:-1"},"canonical":"https:\/\/idr.pt\/en\/carrybot-02\/","og_locale":"en_GB","og_type":"article","og_title":"CarryBot 02 - iDR","og_description":"CarryBot 02 \u2713 Capacidade de Navega\u00e7\u00e3o Aut\u00f3noma: Navega\u00e7\u00e3o inteligente atrav\u00e9s de sensores e mapeamento, evitando obst\u00e1culos e adaptando-se ao ambiente. \u2713 Integra\u00e7\u00e3o com Sistemas de Gest\u00e3o e Log\u00edstica (sistemas de gest\u00e3o de invent\u00e1rio e ERP). \u2713 Capacidade de Movimento: Velocidade de 1,5 m\/s, capaz de se deslocar rapidamente em ambientes maiores, como centros comerciais ou armaz\u00e9ns. \u2713 Design Compacto e Funcional: Ideal para espa\u00e7os pequenos e corredores apertados. \u2713 Capacidade de Carga: At\u00e9 50 kg, projetado para ambientes com maior demanda de transporte e carga. \u2713 Carregamento Autom\u00e1tico, garantindo opera\u00e7\u00e3o cont\u00ednua sem necessidade de interven\u00e7\u00e3o manual. \u2713 Opera\u00e7\u00e3o Aut\u00f4noma e Sem Supervis\u00e3o: sem necessidade de monitoramento constante. \u2713 Versatilidade de Uso: Transporta itens pequenos ou grandes, conforme a necessidade. \u2713 Baixo N\u00edvel de Ru\u00eddo: Opera\u00e7\u00e3o silenciosa. \u2713 Sensores de Navega\u00e7\u00e3o: Navega\u00e7\u00e3o avan\u00e7ada com mapeamento 3D, permitindo uma navega\u00e7\u00e3o mais precisa e eficiente em ambientes complexos. \u2713 Autonomia: Capacidade de operar por 10 horas sem interrup\u00e7\u00e3o, com carga autom\u00e1tica para manter a produtividade.","og_url":"https:\/\/idr.pt\/en\/carrybot-02\/","og_site_name":"iDR","article_publisher":"https:\/\/www.facebook.com\/iDR.lda\/?locale=pt_PT","article_modified_time":"2025-08-06T13:45:54+00:00","twitter_card":"summary_large_image","twitter_misc":{"Estimated reading time":"1 minute"},"schema":{"@context":"https:\/\/schema.org","@graph":[{"@type":"WebPage","@id":"https:\/\/idr.pt\/carrybot-02\/","url":"https:\/\/idr.pt\/carrybot-02\/","name":"CarryBot 02 - iDR","isPartOf":{"@id":"https:\/\/idr.pt\/#website"},"datePublished":"2025-06-24T16:43:36+00:00","dateModified":"2025-08-06T13:45:54+00:00","breadcrumb":{"@id":"https:\/\/idr.pt\/carrybot-02\/#breadcrumb"},"inLanguage":"en-GB","potentialAction":[{"@type":"ReadAction","target":["https:\/\/idr.pt\/carrybot-02\/"]}]},{"@type":"BreadcrumbList","@id":"https:\/\/idr.pt\/carrybot-02\/#breadcrumb","itemListElement":[{"@type":"ListItem","position":1,"name":"In\u00edcio","item":"https:\/\/idr.pt\/"},{"@type":"ListItem","position":2,"name":"CarryBot 02"}]},{"@type":"WebSite","@id":"https:\/\/idr.pt\/#website","url":"https:\/\/idr.pt\/","name":"iDR","description":"Dom\u00f3tica e Rob\u00f3tica","publisher":{"@id":"https:\/\/idr.pt\/#organization"},"potentialAction":[{"@type":"SearchAction","target":{"@type":"EntryPoint","urlTemplate":"https:\/\/idr.pt\/?s={search_term_string}"},"query-input":{"@type":"PropertyValueSpecification","valueRequired":true,"valueName":"search_term_string"}}],"inLanguage":"en-GB"},{"@type":"Organization","@id":"https:\/\/idr.pt\/#organization","name":"iDR","url":"https:\/\/idr.pt\/","logo":{"@type":"ImageObject","inLanguage":"en-GB","@id":"https:\/\/idr.pt\/#\/schema\/logo\/image\/","url":"https:\/\/idr.pt\/wp-content\/uploads\/2025\/02\/Logo-IDR-400x144-1.png","contentUrl":"https:\/\/idr.pt\/wp-content\/uploads\/2025\/02\/Logo-IDR-400x144-1.png","width":400,"height":144,"caption":"iDR"},"image":{"@id":"https:\/\/idr.pt\/#\/schema\/logo\/image\/"},"sameAs":["https:\/\/www.facebook.com\/iDR.lda\/?locale=pt_PT","https:\/\/www.instagram.com\/idr_domotica_robotica\/","https:\/\/www.linkedin.com\/company\/idr---domtica-i-robtica-lda.\/","https:\/\/www.youtube.com\/@iDR2012"]}]}},"_links":{"self":[{"href":"https:\/\/idr.pt\/en\/wp-json\/wp\/v2\/pages\/4976","targetHints":{"allow":["GET"]}}],"collection":[{"href":"https:\/\/idr.pt\/en\/wp-json\/wp\/v2\/pages"}],"about":[{"href":"https:\/\/idr.pt\/en\/wp-json\/wp\/v2\/types\/page"}],"author":[{"embeddable":true,"href":"https:\/\/idr.pt\/en\/wp-json\/wp\/v2\/users\/1"}],"replies":[{"embeddable":true,"href":"https:\/\/idr.pt\/en\/wp-json\/wp\/v2\/comments?post=4976"}],"version-history":[{"count":8,"href":"https:\/\/idr.pt\/en\/wp-json\/wp\/v2\/pages\/4976\/revisions"}],"predecessor-version":[{"id":5777,"href":"https:\/\/idr.pt\/en\/wp-json\/wp\/v2\/pages\/4976\/revisions\/5777"}],"wp:attachment":[{"href":"https:\/\/idr.pt\/en\/wp-json\/wp\/v2\/media?parent=4976"}],"curies":[{"name":"wp","href":"https:\/\/api.w.org\/{rel}","templated":true}]}}