{"id":4912,"date":"2025-06-24T16:27:46","date_gmt":"2025-06-24T16:27:46","guid":{"rendered":"https:\/\/idr.pt\/?page_id=4912"},"modified":"2025-08-06T13:50:04","modified_gmt":"2025-08-06T13:50:04","slug":"greetingbot-mini-hotelaria-e-restauracao","status":"publish","type":"page","link":"https:\/\/idr.pt\/en\/greetingbot-mini-hotelaria-e-restauracao\/","title":{"rendered":"GreetingBot Mini Hotelaria e Restaura\u00e7\u00e3o"},"content":{"rendered":"<div data-elementor-type=\"wp-page\" data-elementor-id=\"4912\" class=\"elementor elementor-4912\" data-elementor-post-type=\"page\">\n\t\t\t\t<div class=\"elementor-element elementor-element-cb98f2f e-flex e-con-boxed wpr-particle-no wpr-jarallax-no wpr-parallax-no wpr-sticky-section-no wpr-equal-height-no e-con e-parent\" data-id=\"cb98f2f\" data-element_type=\"container\" data-e-type=\"container\">\n\t\t\t\t\t<div class=\"e-con-inner\">\n\t\t\t\t<div class=\"elementor-element elementor-element-ed02121 elementor-widget elementor-widget-spacer\" data-id=\"ed02121\" data-element_type=\"widget\" data-e-type=\"widget\" data-widget_type=\"spacer.default\">\n\t\t\t\t<div class=\"elementor-widget-container\">\n\t\t\t\t\t\t\t<div class=\"elementor-spacer\">\n\t\t\t<div class=\"elementor-spacer-inner\"><\/div>\n\t\t<\/div>\n\t\t\t\t\t\t<\/div>\n\t\t\t\t<\/div>\n\t\t\t\t<div class=\"elementor-element elementor-element-22a90ce elementor-widget elementor-widget-heading\" data-id=\"22a90ce\" data-element_type=\"widget\" data-e-type=\"widget\" data-widget_type=\"heading.default\">\n\t\t\t\t<div class=\"elementor-widget-container\">\n\t\t\t\t\t<h2 class=\"elementor-heading-title elementor-size-default\">GreetingBot Mini<\/h2>\t\t\t\t<\/div>\n\t\t\t\t<\/div>\n\t\t\t\t<div class=\"elementor-element elementor-element-5f06717 elementor-widget elementor-widget-video\" data-id=\"5f06717\" data-element_type=\"widget\" data-e-type=\"widget\" data-settings=\"{&quot;youtube_url&quot;:&quot;https:\\\/\\\/youtu.be\\\/b1pUBxvhEP8&quot;,&quot;video_type&quot;:&quot;youtube&quot;,&quot;controls&quot;:&quot;yes&quot;}\" data-widget_type=\"video.default\">\n\t\t\t\t<div class=\"elementor-widget-container\">\n\t\t\t\t\t\t\t<div class=\"elementor-wrapper elementor-open-inline\">\n\t\t\t<div class=\"elementor-video\"><\/div>\t\t<\/div>\n\t\t\t\t\t\t<\/div>\n\t\t\t\t<\/div>\n\t\t\t\t\t<\/div>\n\t\t\t\t<\/div>\n\t\t<div class=\"elementor-element elementor-element-eec6462 e-flex e-con-boxed wpr-particle-no wpr-jarallax-no wpr-parallax-no wpr-sticky-section-no wpr-equal-height-no e-con e-parent\" data-id=\"eec6462\" data-element_type=\"container\" data-e-type=\"container\">\n\t\t\t\t\t<div class=\"e-con-inner\">\n\t\t<div class=\"elementor-element elementor-element-bc3c2ec e-con-full e-flex wpr-particle-no wpr-jarallax-no wpr-parallax-no wpr-sticky-section-no wpr-equal-height-no e-con e-child\" data-id=\"bc3c2ec\" data-element_type=\"container\" data-e-type=\"container\">\n\t\t\t\t<div class=\"elementor-element elementor-element-0a731ce elementor-widget elementor-widget-text-editor\" data-id=\"0a731ce\" data-element_type=\"widget\" data-e-type=\"widget\" data-widget_type=\"text-editor.default\">\n\t\t\t\t<div class=\"elementor-widget-container\">\n\t\t\t\t\t\t\t\t\t<p class=\"p1\">\u2713 Warm welcome and personalized greetings for guests or clients<\/p><p class=\"p1\">\u2713 Display of menus, schedules, and information on the touch screen<\/p><p class=\"p1\">\u2713 Promotion of campaigns, special deals, and offers<\/p><p class=\"p1\">\u2713 Fluent communication in over 30 languages<\/p><p class=\"p1\">\u2713 Guidance and escort to tables, areas, or service counters<\/p><p class=\"p1\">\u2713 Playback of promotional or corporate videos<\/p><p class=\"p1\">\u2713 Photo capture with clients for special moments<\/p>\t\t\t\t\t\t\t\t<\/div>\n\t\t\t\t<\/div>\n\t\t\t\t<\/div>\n\t\t<div class=\"elementor-element elementor-element-fe2f16c e-con-full e-flex wpr-particle-no wpr-jarallax-no wpr-parallax-no wpr-sticky-section-no wpr-equal-height-no e-con e-child\" data-id=\"fe2f16c\" data-element_type=\"container\" data-e-type=\"container\">\n\t\t\t\t<div class=\"elementor-element elementor-element-4e3d385 elementor-widget elementor-widget-text-editor\" data-id=\"4e3d385\" data-element_type=\"widget\" data-e-type=\"widget\" data-widget_type=\"text-editor.default\">\n\t\t\t\t<div class=\"elementor-widget-container\">\n\t\t\t\t\t\t\t\t\t<p class=\"p1\">\u2713 On-site satisfaction surveys<\/p><p class=\"p1\">\u2713 Autonomous and safe navigation in compact or busy environments<\/p><p class=\"p1\">\u2713 Ideal for receptions, restaurant entrances, event halls, or buffets<\/p><p class=\"p1\">\u2713 Automatic return to charging base when needed<\/p>\t\t\t\t\t\t\t\t<\/div>\n\t\t\t\t<\/div>\n\t\t\t\t<\/div>\n\t\t\t\t\t<\/div>\n\t\t\t\t<\/div>\n\t\t\t\t<\/div>","protected":false},"excerpt":{"rendered":"<p>GreetingBot Mini \u2713 Rece\u00e7\u00e3o calorosa e personaliza\u00e7\u00e3o de boas-vindas aos h\u00f3spedes ou clientes \u2713 Apresenta\u00e7\u00e3o de menus, hor\u00e1rios e informa\u00e7\u00f5es no ecr\u00e3 t\u00e1til \u2713 Divulga\u00e7\u00e3o de campanhas, promo\u00e7\u00f5es e ofertas especiais \u2713 Comunica\u00e7\u00e3o fluente em mais de 30 idiomas \u2713 Orienta\u00e7\u00e3o e acompanhamento at\u00e9 mesas, zonas ou balc\u00f5es \u2713 Reprodu\u00e7\u00e3o de v\u00eddeos promocionais ou institucionais \u2713 Capta\u00e7\u00e3o de fotografias com os clientes para momentos especiais \u2713 Realiza\u00e7\u00e3o de pequenos inqu\u00e9ritos de satisfa\u00e7\u00e3o no local \u2713 Desloca\u00e7\u00e3o aut\u00f3noma e segura em ambientes compactos ou movimentados \u2713 Ideal para rece\u00e7\u00f5es, entradas de restaurantes, sal\u00f5es de eventos ou buffets \u2713 Regresso autom\u00e1tico \u00e0 base de carregamento quando necess\u00e1rio<\/p>","protected":false},"author":1,"featured_media":0,"parent":0,"menu_order":0,"comment_status":"closed","ping_status":"closed","template":"elementor_header_footer","meta":{"inline_featured_image":false,"footnotes":""},"class_list":["post-4912","page","type-page","status-publish","hentry"],"yoast_head":"<!-- This site is optimized with the Yoast SEO plugin v27.4 - https:\/\/yoast.com\/product\/yoast-seo-wordpress\/ -->\n<title>GreetingBot Mini Hotelaria e Restaura\u00e7\u00e3o - iDR<\/title>\n<meta name=\"robots\" content=\"index, follow, max-snippet:-1, max-image-preview:large, max-video-preview:-1\" \/>\n<link rel=\"canonical\" href=\"https:\/\/idr.pt\/en\/greetingbot-mini-hotelaria-e-restauracao\/\" \/>\n<meta property=\"og:locale\" content=\"en_GB\" \/>\n<meta property=\"og:type\" content=\"article\" \/>\n<meta property=\"og:title\" content=\"GreetingBot Mini Hotelaria e Restaura\u00e7\u00e3o - iDR\" \/>\n<meta property=\"og:description\" content=\"GreetingBot Mini \u2713 Rece\u00e7\u00e3o calorosa e personaliza\u00e7\u00e3o de boas-vindas aos h\u00f3spedes ou clientes \u2713 Apresenta\u00e7\u00e3o de menus, hor\u00e1rios e informa\u00e7\u00f5es no ecr\u00e3 t\u00e1til \u2713 Divulga\u00e7\u00e3o de campanhas, promo\u00e7\u00f5es e ofertas especiais \u2713 Comunica\u00e7\u00e3o fluente em mais de 30 idiomas \u2713 Orienta\u00e7\u00e3o e acompanhamento at\u00e9 mesas, zonas ou balc\u00f5es \u2713 Reprodu\u00e7\u00e3o de v\u00eddeos promocionais ou institucionais \u2713 Capta\u00e7\u00e3o de fotografias com os clientes para momentos especiais \u2713 Realiza\u00e7\u00e3o de pequenos inqu\u00e9ritos de satisfa\u00e7\u00e3o no local \u2713 Desloca\u00e7\u00e3o aut\u00f3noma e segura em ambientes compactos ou movimentados \u2713 Ideal para rece\u00e7\u00f5es, entradas de restaurantes, sal\u00f5es de eventos ou buffets \u2713 Regresso autom\u00e1tico \u00e0 base de carregamento quando necess\u00e1rio\" \/>\n<meta property=\"og:url\" content=\"https:\/\/idr.pt\/en\/greetingbot-mini-hotelaria-e-restauracao\/\" \/>\n<meta property=\"og:site_name\" content=\"iDR\" \/>\n<meta property=\"article:publisher\" content=\"https:\/\/www.facebook.com\/iDR.lda\/?locale=pt_PT\" \/>\n<meta property=\"article:modified_time\" content=\"2025-08-06T13:50:04+00:00\" \/>\n<meta name=\"twitter:card\" content=\"summary_large_image\" \/>\n<meta name=\"twitter:label1\" content=\"Estimated reading time\" \/>\n\t<meta name=\"twitter:data1\" content=\"1 minute\" \/>\n<script type=\"application\/ld+json\" class=\"yoast-schema-graph\">{\"@context\":\"https:\\\/\\\/schema.org\",\"@graph\":[{\"@type\":\"WebPage\",\"@id\":\"https:\\\/\\\/idr.pt\\\/greetingbot-mini-hotelaria-e-restauracao\\\/\",\"url\":\"https:\\\/\\\/idr.pt\\\/greetingbot-mini-hotelaria-e-restauracao\\\/\",\"name\":\"GreetingBot Mini Hotelaria e Restaura\u00e7\u00e3o - iDR\",\"isPartOf\":{\"@id\":\"https:\\\/\\\/idr.pt\\\/#website\"},\"datePublished\":\"2025-06-24T16:27:46+00:00\",\"dateModified\":\"2025-08-06T13:50:04+00:00\",\"breadcrumb\":{\"@id\":\"https:\\\/\\\/idr.pt\\\/greetingbot-mini-hotelaria-e-restauracao\\\/#breadcrumb\"},\"inLanguage\":\"en-GB\",\"potentialAction\":[{\"@type\":\"ReadAction\",\"target\":[\"https:\\\/\\\/idr.pt\\\/greetingbot-mini-hotelaria-e-restauracao\\\/\"]}]},{\"@type\":\"BreadcrumbList\",\"@id\":\"https:\\\/\\\/idr.pt\\\/greetingbot-mini-hotelaria-e-restauracao\\\/#breadcrumb\",\"itemListElement\":[{\"@type\":\"ListItem\",\"position\":1,\"name\":\"In\u00edcio\",\"item\":\"https:\\\/\\\/idr.pt\\\/\"},{\"@type\":\"ListItem\",\"position\":2,\"name\":\"GreetingBot Mini Hotelaria e Restaura\u00e7\u00e3o\"}]},{\"@type\":\"WebSite\",\"@id\":\"https:\\\/\\\/idr.pt\\\/#website\",\"url\":\"https:\\\/\\\/idr.pt\\\/\",\"name\":\"iDR\",\"description\":\"Dom\u00f3tica e Rob\u00f3tica\",\"publisher\":{\"@id\":\"https:\\\/\\\/idr.pt\\\/#organization\"},\"potentialAction\":[{\"@type\":\"SearchAction\",\"target\":{\"@type\":\"EntryPoint\",\"urlTemplate\":\"https:\\\/\\\/idr.pt\\\/?s={search_term_string}\"},\"query-input\":{\"@type\":\"PropertyValueSpecification\",\"valueRequired\":true,\"valueName\":\"search_term_string\"}}],\"inLanguage\":\"en-GB\"},{\"@type\":\"Organization\",\"@id\":\"https:\\\/\\\/idr.pt\\\/#organization\",\"name\":\"iDR\",\"url\":\"https:\\\/\\\/idr.pt\\\/\",\"logo\":{\"@type\":\"ImageObject\",\"inLanguage\":\"en-GB\",\"@id\":\"https:\\\/\\\/idr.pt\\\/#\\\/schema\\\/logo\\\/image\\\/\",\"url\":\"https:\\\/\\\/idr.pt\\\/wp-content\\\/uploads\\\/2025\\\/02\\\/Logo-IDR-400x144-1.png\",\"contentUrl\":\"https:\\\/\\\/idr.pt\\\/wp-content\\\/uploads\\\/2025\\\/02\\\/Logo-IDR-400x144-1.png\",\"width\":400,\"height\":144,\"caption\":\"iDR\"},\"image\":{\"@id\":\"https:\\\/\\\/idr.pt\\\/#\\\/schema\\\/logo\\\/image\\\/\"},\"sameAs\":[\"https:\\\/\\\/www.facebook.com\\\/iDR.lda\\\/?locale=pt_PT\",\"https:\\\/\\\/www.instagram.com\\\/idr_domotica_robotica\\\/\",\"https:\\\/\\\/www.linkedin.com\\\/company\\\/idr---domtica-i-robtica-lda.\\\/\",\"https:\\\/\\\/www.youtube.com\\\/@iDR2012\"]}]}<\/script>\n<!-- \/ Yoast SEO plugin. -->","yoast_head_json":{"title":"GreetingBot Mini Hotelaria e Restaura\u00e7\u00e3o - iDR","robots":{"index":"index","follow":"follow","max-snippet":"max-snippet:-1","max-image-preview":"max-image-preview:large","max-video-preview":"max-video-preview:-1"},"canonical":"https:\/\/idr.pt\/en\/greetingbot-mini-hotelaria-e-restauracao\/","og_locale":"en_GB","og_type":"article","og_title":"GreetingBot Mini Hotelaria e Restaura\u00e7\u00e3o - iDR","og_description":"GreetingBot Mini \u2713 Rece\u00e7\u00e3o calorosa e personaliza\u00e7\u00e3o de boas-vindas aos h\u00f3spedes ou clientes \u2713 Apresenta\u00e7\u00e3o de menus, hor\u00e1rios e informa\u00e7\u00f5es no ecr\u00e3 t\u00e1til \u2713 Divulga\u00e7\u00e3o de campanhas, promo\u00e7\u00f5es e ofertas especiais \u2713 Comunica\u00e7\u00e3o fluente em mais de 30 idiomas \u2713 Orienta\u00e7\u00e3o e acompanhamento at\u00e9 mesas, zonas ou balc\u00f5es \u2713 Reprodu\u00e7\u00e3o de v\u00eddeos promocionais ou institucionais \u2713 Capta\u00e7\u00e3o de fotografias com os clientes para momentos especiais \u2713 Realiza\u00e7\u00e3o de pequenos inqu\u00e9ritos de satisfa\u00e7\u00e3o no local \u2713 Desloca\u00e7\u00e3o aut\u00f3noma e segura em ambientes compactos ou movimentados \u2713 Ideal para rece\u00e7\u00f5es, entradas de restaurantes, sal\u00f5es de eventos ou buffets \u2713 Regresso autom\u00e1tico \u00e0 base de carregamento quando necess\u00e1rio","og_url":"https:\/\/idr.pt\/en\/greetingbot-mini-hotelaria-e-restauracao\/","og_site_name":"iDR","article_publisher":"https:\/\/www.facebook.com\/iDR.lda\/?locale=pt_PT","article_modified_time":"2025-08-06T13:50:04+00:00","twitter_card":"summary_large_image","twitter_misc":{"Estimated reading time":"1 minute"},"schema":{"@context":"https:\/\/schema.org","@graph":[{"@type":"WebPage","@id":"https:\/\/idr.pt\/greetingbot-mini-hotelaria-e-restauracao\/","url":"https:\/\/idr.pt\/greetingbot-mini-hotelaria-e-restauracao\/","name":"GreetingBot Mini Hotelaria e Restaura\u00e7\u00e3o - iDR","isPartOf":{"@id":"https:\/\/idr.pt\/#website"},"datePublished":"2025-06-24T16:27:46+00:00","dateModified":"2025-08-06T13:50:04+00:00","breadcrumb":{"@id":"https:\/\/idr.pt\/greetingbot-mini-hotelaria-e-restauracao\/#breadcrumb"},"inLanguage":"en-GB","potentialAction":[{"@type":"ReadAction","target":["https:\/\/idr.pt\/greetingbot-mini-hotelaria-e-restauracao\/"]}]},{"@type":"BreadcrumbList","@id":"https:\/\/idr.pt\/greetingbot-mini-hotelaria-e-restauracao\/#breadcrumb","itemListElement":[{"@type":"ListItem","position":1,"name":"In\u00edcio","item":"https:\/\/idr.pt\/"},{"@type":"ListItem","position":2,"name":"GreetingBot Mini Hotelaria e Restaura\u00e7\u00e3o"}]},{"@type":"WebSite","@id":"https:\/\/idr.pt\/#website","url":"https:\/\/idr.pt\/","name":"iDR","description":"Dom\u00f3tica e Rob\u00f3tica","publisher":{"@id":"https:\/\/idr.pt\/#organization"},"potentialAction":[{"@type":"SearchAction","target":{"@type":"EntryPoint","urlTemplate":"https:\/\/idr.pt\/?s={search_term_string}"},"query-input":{"@type":"PropertyValueSpecification","valueRequired":true,"valueName":"search_term_string"}}],"inLanguage":"en-GB"},{"@type":"Organization","@id":"https:\/\/idr.pt\/#organization","name":"iDR","url":"https:\/\/idr.pt\/","logo":{"@type":"ImageObject","inLanguage":"en-GB","@id":"https:\/\/idr.pt\/#\/schema\/logo\/image\/","url":"https:\/\/idr.pt\/wp-content\/uploads\/2025\/02\/Logo-IDR-400x144-1.png","contentUrl":"https:\/\/idr.pt\/wp-content\/uploads\/2025\/02\/Logo-IDR-400x144-1.png","width":400,"height":144,"caption":"iDR"},"image":{"@id":"https:\/\/idr.pt\/#\/schema\/logo\/image\/"},"sameAs":["https:\/\/www.facebook.com\/iDR.lda\/?locale=pt_PT","https:\/\/www.instagram.com\/idr_domotica_robotica\/","https:\/\/www.linkedin.com\/company\/idr---domtica-i-robtica-lda.\/","https:\/\/www.youtube.com\/@iDR2012"]}]}},"_links":{"self":[{"href":"https:\/\/idr.pt\/en\/wp-json\/wp\/v2\/pages\/4912","targetHints":{"allow":["GET"]}}],"collection":[{"href":"https:\/\/idr.pt\/en\/wp-json\/wp\/v2\/pages"}],"about":[{"href":"https:\/\/idr.pt\/en\/wp-json\/wp\/v2\/types\/page"}],"author":[{"embeddable":true,"href":"https:\/\/idr.pt\/en\/wp-json\/wp\/v2\/users\/1"}],"replies":[{"embeddable":true,"href":"https:\/\/idr.pt\/en\/wp-json\/wp\/v2\/comments?post=4912"}],"version-history":[{"count":11,"href":"https:\/\/idr.pt\/en\/wp-json\/wp\/v2\/pages\/4912\/revisions"}],"predecessor-version":[{"id":5793,"href":"https:\/\/idr.pt\/en\/wp-json\/wp\/v2\/pages\/4912\/revisions\/5793"}],"wp:attachment":[{"href":"https:\/\/idr.pt\/en\/wp-json\/wp\/v2\/media?parent=4912"}],"curies":[{"name":"wp","href":"https:\/\/api.w.org\/{rel}","templated":true}]}}