{"id":4887,"date":"2025-06-13T14:06:28","date_gmt":"2025-06-13T14:06:28","guid":{"rendered":"https:\/\/idr.pt\/?page_id=4887"},"modified":"2025-08-06T13:53:10","modified_gmt":"2025-08-06T13:53:10","slug":"luckibot-pro","status":"publish","type":"page","link":"https:\/\/idr.pt\/en\/luckibot-pro\/","title":{"rendered":"LuckiBot Pro"},"content":{"rendered":"<div data-elementor-type=\"wp-page\" data-elementor-id=\"4887\" class=\"elementor elementor-4887\" data-elementor-post-type=\"page\">\n\t\t\t\t<div class=\"elementor-element elementor-element-cb98f2f e-flex e-con-boxed wpr-particle-no wpr-jarallax-no wpr-parallax-no wpr-sticky-section-no wpr-equal-height-no e-con e-parent\" data-id=\"cb98f2f\" data-element_type=\"container\" data-e-type=\"container\">\n\t\t\t\t\t<div class=\"e-con-inner\">\n\t\t\t\t<div class=\"elementor-element elementor-element-ed02121 elementor-widget elementor-widget-spacer\" data-id=\"ed02121\" data-element_type=\"widget\" data-e-type=\"widget\" data-widget_type=\"spacer.default\">\n\t\t\t\t<div class=\"elementor-widget-container\">\n\t\t\t\t\t\t\t<div class=\"elementor-spacer\">\n\t\t\t<div class=\"elementor-spacer-inner\"><\/div>\n\t\t<\/div>\n\t\t\t\t\t\t<\/div>\n\t\t\t\t<\/div>\n\t\t\t\t<div class=\"elementor-element elementor-element-22a90ce elementor-widget elementor-widget-heading\" data-id=\"22a90ce\" data-element_type=\"widget\" data-e-type=\"widget\" data-widget_type=\"heading.default\">\n\t\t\t\t<div class=\"elementor-widget-container\">\n\t\t\t\t\t<h2 class=\"elementor-heading-title elementor-size-default\">LuckiBot Pro<\/h2>\t\t\t\t<\/div>\n\t\t\t\t<\/div>\n\t\t\t\t<div class=\"elementor-element elementor-element-5f06717 elementor-widget elementor-widget-video\" data-id=\"5f06717\" data-element_type=\"widget\" data-e-type=\"widget\" data-settings=\"{&quot;youtube_url&quot;:&quot;https:\\\/\\\/youtu.be\\\/8BB7sJMQGY8&quot;,&quot;video_type&quot;:&quot;youtube&quot;,&quot;controls&quot;:&quot;yes&quot;}\" data-widget_type=\"video.default\">\n\t\t\t\t<div class=\"elementor-widget-container\">\n\t\t\t\t\t\t\t<div class=\"elementor-wrapper elementor-open-inline\">\n\t\t\t<div class=\"elementor-video\"><\/div>\t\t<\/div>\n\t\t\t\t\t\t<\/div>\n\t\t\t\t<\/div>\n\t\t\t\t\t<\/div>\n\t\t\t\t<\/div>\n\t\t<div class=\"elementor-element elementor-element-eec6462 e-flex e-con-boxed wpr-particle-no wpr-jarallax-no wpr-parallax-no wpr-sticky-section-no wpr-equal-height-no e-con e-parent\" data-id=\"eec6462\" data-element_type=\"container\" data-e-type=\"container\">\n\t\t\t\t\t<div class=\"e-con-inner\">\n\t\t<div class=\"elementor-element elementor-element-bc3c2ec e-con-full e-flex wpr-particle-no wpr-jarallax-no wpr-parallax-no wpr-sticky-section-no wpr-equal-height-no e-con e-child\" data-id=\"bc3c2ec\" data-element_type=\"container\" data-e-type=\"container\">\n\t\t\t\t<div class=\"elementor-element elementor-element-0a731ce elementor-widget elementor-widget-text-editor\" data-id=\"0a731ce\" data-element_type=\"widget\" data-e-type=\"widget\" data-widget_type=\"text-editor.default\">\n\t\t\t\t<div class=\"elementor-widget-container\">\n\t\t\t\t\t\t\t\t\t<p class=\"p1\">\u2713 Autonomous delivery of products and materials<\/p><p class=\"p1\">\u2713 Voice interaction to answer frequently asked questions<\/p><p class=\"p1\">\u2713 Display of promotions and content on an HD screen<\/p><p class=\"p1\">\u2713 Guidance and navigation through the space<\/p><p class=\"p1\">\u2713 Intelligent navigation with SLAM<\/p><p class=\"p1\">\u2713 Automatic obstacle avoidance<\/p><p>\u2713 Can carry up to 15 kg per tray<\/p>\t\t\t\t\t\t\t\t<\/div>\n\t\t\t\t<\/div>\n\t\t\t\t<\/div>\n\t\t<div class=\"elementor-element elementor-element-fe2f16c e-con-full e-flex wpr-particle-no wpr-jarallax-no wpr-parallax-no wpr-sticky-section-no wpr-equal-height-no e-con e-child\" data-id=\"fe2f16c\" data-element_type=\"container\" data-e-type=\"container\">\n\t\t\t\t<div class=\"elementor-element elementor-element-4e3d385 elementor-widget elementor-widget-text-editor\" data-id=\"4e3d385\" data-element_type=\"widget\" data-e-type=\"widget\" data-widget_type=\"text-editor.default\">\n\t\t\t\t<div class=\"elementor-widget-container\">\n\t\t\t\t\t\t\t\t\t<p class=\"p1\">\u2713 Up to 16 hours of autonomy<\/p><p class=\"p1\">\u2713 Fast recharging in 4.5 hours<\/p><p class=\"p1\">\u2713 Support for FAQs and customer service<\/p><p class=\"p1\">\u2713 Customization according to the environment<\/p><p class=\"p1\">\u2713 Assistance with welcoming visitors in busy spaces<\/p><p class=\"p1\">\u2713 Management of appointments and simple tasks<\/p>\t\t\t\t\t\t\t\t<\/div>\n\t\t\t\t<\/div>\n\t\t\t\t<\/div>\n\t\t\t\t\t<\/div>\n\t\t\t\t<\/div>\n\t\t\t\t<\/div>","protected":false},"excerpt":{"rendered":"<p>LuckiBot Pro \u2713 Entrega aut\u00f3noma de produtos e materiais \u2713 Intera\u00e7\u00e3o por voz para responder a perguntas frequentes. \u2713 Exibi\u00e7\u00e3o de promo\u00e7\u00f5es e conte\u00fados no ecr\u00e3 HD. \u2713 Orienta\u00e7\u00e3o e guia pelo espa\u00e7o. \u2713 Navega\u00e7\u00e3o inteligente com SLAM. \u2713 Evita obst\u00e1culos automaticamente. \u2713 Capacidade de transportar at\u00e9 15 kg por bandeja. \u2713 Autonomia de at\u00e9 16 horas. \u2713 Recarga r\u00e1pida em 4,5 horas. \u2713 Suporte a FAQs e atendimento ao cliente. \u2713 Personaliza\u00e7\u00e3o de acordo com o ambiente. \u2713 Apoio na rece\u00e7\u00e3o de visitantes em espa\u00e7os movimentados. \u2713 Gest\u00e3o de agendamentos e tarefas simples.<\/p>","protected":false},"author":1,"featured_media":0,"parent":0,"menu_order":0,"comment_status":"closed","ping_status":"closed","template":"elementor_header_footer","meta":{"inline_featured_image":false,"footnotes":""},"class_list":["post-4887","page","type-page","status-publish","hentry"],"yoast_head":"<!-- This site is optimized with the Yoast SEO plugin v27.4 - https:\/\/yoast.com\/product\/yoast-seo-wordpress\/ -->\n<title>LuckiBot Pro - iDR<\/title>\n<meta name=\"robots\" content=\"index, follow, max-snippet:-1, max-image-preview:large, max-video-preview:-1\" \/>\n<link rel=\"canonical\" href=\"https:\/\/idr.pt\/en\/luckibot-pro\/\" \/>\n<meta property=\"og:locale\" content=\"en_GB\" \/>\n<meta property=\"og:type\" content=\"article\" \/>\n<meta property=\"og:title\" content=\"LuckiBot Pro - iDR\" \/>\n<meta property=\"og:description\" content=\"LuckiBot Pro \u2713 Entrega aut\u00f3noma de produtos e materiais \u2713 Intera\u00e7\u00e3o por voz para responder a perguntas frequentes. \u2713 Exibi\u00e7\u00e3o de promo\u00e7\u00f5es e conte\u00fados no ecr\u00e3 HD. \u2713 Orienta\u00e7\u00e3o e guia pelo espa\u00e7o. \u2713 Navega\u00e7\u00e3o inteligente com SLAM. \u2713 Evita obst\u00e1culos automaticamente. \u2713 Capacidade de transportar at\u00e9 15 kg por bandeja. \u2713 Autonomia de at\u00e9 16 horas. \u2713 Recarga r\u00e1pida em 4,5 horas. \u2713 Suporte a FAQs e atendimento ao cliente. \u2713 Personaliza\u00e7\u00e3o de acordo com o ambiente. \u2713 Apoio na rece\u00e7\u00e3o de visitantes em espa\u00e7os movimentados. \u2713 Gest\u00e3o de agendamentos e tarefas simples.\" \/>\n<meta property=\"og:url\" content=\"https:\/\/idr.pt\/en\/luckibot-pro\/\" \/>\n<meta property=\"og:site_name\" content=\"iDR\" \/>\n<meta property=\"article:publisher\" content=\"https:\/\/www.facebook.com\/iDR.lda\/?locale=pt_PT\" \/>\n<meta property=\"article:modified_time\" content=\"2025-08-06T13:53:10+00:00\" \/>\n<meta name=\"twitter:card\" content=\"summary_large_image\" \/>\n<meta name=\"twitter:label1\" content=\"Estimated reading time\" \/>\n\t<meta name=\"twitter:data1\" content=\"1 minute\" \/>\n<script type=\"application\/ld+json\" class=\"yoast-schema-graph\">{\"@context\":\"https:\\\/\\\/schema.org\",\"@graph\":[{\"@type\":\"WebPage\",\"@id\":\"https:\\\/\\\/idr.pt\\\/luckibot-pro\\\/\",\"url\":\"https:\\\/\\\/idr.pt\\\/luckibot-pro\\\/\",\"name\":\"LuckiBot Pro - iDR\",\"isPartOf\":{\"@id\":\"https:\\\/\\\/idr.pt\\\/#website\"},\"datePublished\":\"2025-06-13T14:06:28+00:00\",\"dateModified\":\"2025-08-06T13:53:10+00:00\",\"breadcrumb\":{\"@id\":\"https:\\\/\\\/idr.pt\\\/luckibot-pro\\\/#breadcrumb\"},\"inLanguage\":\"en-GB\",\"potentialAction\":[{\"@type\":\"ReadAction\",\"target\":[\"https:\\\/\\\/idr.pt\\\/luckibot-pro\\\/\"]}]},{\"@type\":\"BreadcrumbList\",\"@id\":\"https:\\\/\\\/idr.pt\\\/luckibot-pro\\\/#breadcrumb\",\"itemListElement\":[{\"@type\":\"ListItem\",\"position\":1,\"name\":\"In\u00edcio\",\"item\":\"https:\\\/\\\/idr.pt\\\/\"},{\"@type\":\"ListItem\",\"position\":2,\"name\":\"LuckiBot Pro\"}]},{\"@type\":\"WebSite\",\"@id\":\"https:\\\/\\\/idr.pt\\\/#website\",\"url\":\"https:\\\/\\\/idr.pt\\\/\",\"name\":\"iDR\",\"description\":\"Dom\u00f3tica e Rob\u00f3tica\",\"publisher\":{\"@id\":\"https:\\\/\\\/idr.pt\\\/#organization\"},\"potentialAction\":[{\"@type\":\"SearchAction\",\"target\":{\"@type\":\"EntryPoint\",\"urlTemplate\":\"https:\\\/\\\/idr.pt\\\/?s={search_term_string}\"},\"query-input\":{\"@type\":\"PropertyValueSpecification\",\"valueRequired\":true,\"valueName\":\"search_term_string\"}}],\"inLanguage\":\"en-GB\"},{\"@type\":\"Organization\",\"@id\":\"https:\\\/\\\/idr.pt\\\/#organization\",\"name\":\"iDR\",\"url\":\"https:\\\/\\\/idr.pt\\\/\",\"logo\":{\"@type\":\"ImageObject\",\"inLanguage\":\"en-GB\",\"@id\":\"https:\\\/\\\/idr.pt\\\/#\\\/schema\\\/logo\\\/image\\\/\",\"url\":\"https:\\\/\\\/idr.pt\\\/wp-content\\\/uploads\\\/2025\\\/02\\\/Logo-IDR-400x144-1.png\",\"contentUrl\":\"https:\\\/\\\/idr.pt\\\/wp-content\\\/uploads\\\/2025\\\/02\\\/Logo-IDR-400x144-1.png\",\"width\":400,\"height\":144,\"caption\":\"iDR\"},\"image\":{\"@id\":\"https:\\\/\\\/idr.pt\\\/#\\\/schema\\\/logo\\\/image\\\/\"},\"sameAs\":[\"https:\\\/\\\/www.facebook.com\\\/iDR.lda\\\/?locale=pt_PT\",\"https:\\\/\\\/www.instagram.com\\\/idr_domotica_robotica\\\/\",\"https:\\\/\\\/www.linkedin.com\\\/company\\\/idr---domtica-i-robtica-lda.\\\/\",\"https:\\\/\\\/www.youtube.com\\\/@iDR2012\"]}]}<\/script>\n<!-- \/ Yoast SEO plugin. -->","yoast_head_json":{"title":"LuckiBot Pro - iDR","robots":{"index":"index","follow":"follow","max-snippet":"max-snippet:-1","max-image-preview":"max-image-preview:large","max-video-preview":"max-video-preview:-1"},"canonical":"https:\/\/idr.pt\/en\/luckibot-pro\/","og_locale":"en_GB","og_type":"article","og_title":"LuckiBot Pro - iDR","og_description":"LuckiBot Pro \u2713 Entrega aut\u00f3noma de produtos e materiais \u2713 Intera\u00e7\u00e3o por voz para responder a perguntas frequentes. \u2713 Exibi\u00e7\u00e3o de promo\u00e7\u00f5es e conte\u00fados no ecr\u00e3 HD. \u2713 Orienta\u00e7\u00e3o e guia pelo espa\u00e7o. \u2713 Navega\u00e7\u00e3o inteligente com SLAM. \u2713 Evita obst\u00e1culos automaticamente. \u2713 Capacidade de transportar at\u00e9 15 kg por bandeja. \u2713 Autonomia de at\u00e9 16 horas. \u2713 Recarga r\u00e1pida em 4,5 horas. \u2713 Suporte a FAQs e atendimento ao cliente. \u2713 Personaliza\u00e7\u00e3o de acordo com o ambiente. \u2713 Apoio na rece\u00e7\u00e3o de visitantes em espa\u00e7os movimentados. \u2713 Gest\u00e3o de agendamentos e tarefas simples.","og_url":"https:\/\/idr.pt\/en\/luckibot-pro\/","og_site_name":"iDR","article_publisher":"https:\/\/www.facebook.com\/iDR.lda\/?locale=pt_PT","article_modified_time":"2025-08-06T13:53:10+00:00","twitter_card":"summary_large_image","twitter_misc":{"Estimated reading time":"1 minute"},"schema":{"@context":"https:\/\/schema.org","@graph":[{"@type":"WebPage","@id":"https:\/\/idr.pt\/luckibot-pro\/","url":"https:\/\/idr.pt\/luckibot-pro\/","name":"LuckiBot Pro - iDR","isPartOf":{"@id":"https:\/\/idr.pt\/#website"},"datePublished":"2025-06-13T14:06:28+00:00","dateModified":"2025-08-06T13:53:10+00:00","breadcrumb":{"@id":"https:\/\/idr.pt\/luckibot-pro\/#breadcrumb"},"inLanguage":"en-GB","potentialAction":[{"@type":"ReadAction","target":["https:\/\/idr.pt\/luckibot-pro\/"]}]},{"@type":"BreadcrumbList","@id":"https:\/\/idr.pt\/luckibot-pro\/#breadcrumb","itemListElement":[{"@type":"ListItem","position":1,"name":"In\u00edcio","item":"https:\/\/idr.pt\/"},{"@type":"ListItem","position":2,"name":"LuckiBot Pro"}]},{"@type":"WebSite","@id":"https:\/\/idr.pt\/#website","url":"https:\/\/idr.pt\/","name":"iDR","description":"Dom\u00f3tica e Rob\u00f3tica","publisher":{"@id":"https:\/\/idr.pt\/#organization"},"potentialAction":[{"@type":"SearchAction","target":{"@type":"EntryPoint","urlTemplate":"https:\/\/idr.pt\/?s={search_term_string}"},"query-input":{"@type":"PropertyValueSpecification","valueRequired":true,"valueName":"search_term_string"}}],"inLanguage":"en-GB"},{"@type":"Organization","@id":"https:\/\/idr.pt\/#organization","name":"iDR","url":"https:\/\/idr.pt\/","logo":{"@type":"ImageObject","inLanguage":"en-GB","@id":"https:\/\/idr.pt\/#\/schema\/logo\/image\/","url":"https:\/\/idr.pt\/wp-content\/uploads\/2025\/02\/Logo-IDR-400x144-1.png","contentUrl":"https:\/\/idr.pt\/wp-content\/uploads\/2025\/02\/Logo-IDR-400x144-1.png","width":400,"height":144,"caption":"iDR"},"image":{"@id":"https:\/\/idr.pt\/#\/schema\/logo\/image\/"},"sameAs":["https:\/\/www.facebook.com\/iDR.lda\/?locale=pt_PT","https:\/\/www.instagram.com\/idr_domotica_robotica\/","https:\/\/www.linkedin.com\/company\/idr---domtica-i-robtica-lda.\/","https:\/\/www.youtube.com\/@iDR2012"]}]}},"_links":{"self":[{"href":"https:\/\/idr.pt\/en\/wp-json\/wp\/v2\/pages\/4887","targetHints":{"allow":["GET"]}}],"collection":[{"href":"https:\/\/idr.pt\/en\/wp-json\/wp\/v2\/pages"}],"about":[{"href":"https:\/\/idr.pt\/en\/wp-json\/wp\/v2\/types\/page"}],"author":[{"embeddable":true,"href":"https:\/\/idr.pt\/en\/wp-json\/wp\/v2\/users\/1"}],"replies":[{"embeddable":true,"href":"https:\/\/idr.pt\/en\/wp-json\/wp\/v2\/comments?post=4887"}],"version-history":[{"count":11,"href":"https:\/\/idr.pt\/en\/wp-json\/wp\/v2\/pages\/4887\/revisions"}],"predecessor-version":[{"id":5810,"href":"https:\/\/idr.pt\/en\/wp-json\/wp\/v2\/pages\/4887\/revisions\/5810"}],"wp:attachment":[{"href":"https:\/\/idr.pt\/en\/wp-json\/wp\/v2\/media?parent=4887"}],"curies":[{"name":"wp","href":"https:\/\/api.w.org\/{rel}","templated":true}]}}