{"id":2906,"date":"2025-05-08T22:50:02","date_gmt":"2025-05-08T22:50:02","guid":{"rendered":"https:\/\/newidr.raquelmoura.pt\/?page_id=2906"},"modified":"2025-08-06T13:47:33","modified_gmt":"2025-08-06T13:47:33","slug":"categoria-robots-servico","status":"publish","type":"page","link":"https:\/\/idr.pt\/en\/categoria-robots-servico\/","title":{"rendered":"Categoria Robots de Servi\u00e7o"},"content":{"rendered":"\t\t<div data-elementor-type=\"wp-page\" data-elementor-id=\"2906\" class=\"elementor elementor-2906\" data-elementor-post-type=\"page\">\n\t\t\t\t<div class=\"elementor-element elementor-element-70bfc667 e-flex e-con-boxed wpr-particle-no wpr-jarallax-no wpr-parallax-no wpr-sticky-section-no wpr-equal-height-no e-con e-parent\" data-id=\"70bfc667\" data-element_type=\"container\" data-e-type=\"container\">\n\t\t\t\t\t<div class=\"e-con-inner\">\n\t\t\t\t<div class=\"elementor-element elementor-element-74f706e7 wpr-grid-columns-2 wpr-grid-columns--tablet2 wpr-grid-columns--mobile1 wpr-grid-pagination-center wpr-item-styles-inner elementor-widget elementor-widget-wpr-grid\" data-id=\"74f706e7\" data-element_type=\"widget\" data-e-type=\"widget\" data-widget_type=\"wpr-grid.default\">\n\t\t\t\t<div class=\"elementor-widget-container\">\n\t\t\t\t\t<ul class=\"wpr-grid-filters elementor-clearfix wpr-grid-filters-sep-right\"><li class=\" wpr-pointer-none wpr-pointer-line-fx wpr-pointer-fx-none\"><span  data-filter=\"*\" class=\"wpr-grid-filters-item wpr-active-filter \">Todos Artigos<\/span><em class=\"wpr-grid-filters-sep\"><\/em><\/li><li class=\" wpr-pointer-none wpr-pointer-line-fx wpr-pointer-fx-none\"><span   data-ajax-filter=[\"category\",\"robots-de-servico\"]  data-filter=\".category-robots-de-servico\">Robots de Servi\u00e7o<\/span><em class=\"wpr-grid-filters-sep\"><\/em><\/li><\/ul><section class=\"wpr-grid elementor-clearfix\" data-settings=\"{&quot;layout&quot;:&quot;fitRows&quot;,&quot;stick_last_element_to_bottom&quot;:&quot;&quot;,&quot;columns_desktop&quot;:&quot;2&quot;,&quot;gutter_hr&quot;:22,&quot;gutter_hr_mobile&quot;:22,&quot;gutter_hr_mobile_extra&quot;:22,&quot;gutter_hr_tablet&quot;:22,&quot;gutter_hr_tablet_extra&quot;:22,&quot;gutter_hr_laptop&quot;:22,&quot;gutter_hr_widescreen&quot;:22,&quot;gutter_vr&quot;:8,&quot;gutter_vr_mobile&quot;:8,&quot;gutter_vr_mobile_extra&quot;:8,&quot;gutter_vr_tablet&quot;:8,&quot;gutter_vr_tablet_extra&quot;:8,&quot;gutter_vr_laptop&quot;:8,&quot;gutter_vr_widescreen&quot;:8,&quot;animation&quot;:&quot;default&quot;,&quot;animation_duration&quot;:0.3,&quot;animation_delay&quot;:0.1,&quot;deeplinking&quot;:&quot;&quot;,&quot;filters_linkable&quot;:&quot;no&quot;,&quot;filters_default_filter&quot;:&quot;&quot;,&quot;filters_count&quot;:&quot;&quot;,&quot;filters_hide_empty&quot;:&quot;&quot;,&quot;filters_animation&quot;:&quot;default&quot;,&quot;filters_animation_duration&quot;:0.3,&quot;filters_animation_delay&quot;:0.1,&quot;pagination_type&quot;:&quot;load-more&quot;,&quot;pagination_max_pages&quot;:1,&quot;lightbox&quot;:{&quot;selector&quot;:&quot;.wpr-grid-image-wrap&quot;,&quot;iframeMaxWidth&quot;:&quot;60%&quot;,&quot;hash&quot;:false,&quot;autoplay&quot;:&quot;true&quot;,&quot;pause&quot;:5000,&quot;progressBar&quot;:&quot;true&quot;,&quot;counter&quot;:&quot;true&quot;,&quot;controls&quot;:&quot;true&quot;,&quot;getCaptionFromTitleOrAlt&quot;:&quot;true&quot;,&quot;thumbnail&quot;:&quot;&quot;,&quot;showThumbByDefault&quot;:&quot;&quot;,&quot;share&quot;:&quot;&quot;,&quot;zoom&quot;:&quot;true&quot;,&quot;fullScreen&quot;:&quot;true&quot;,&quot;download&quot;:&quot;true&quot;}}\" data-advanced-filters=\"no\"><article class=\"wpr-grid-item elementor-clearfix post-6127 post type-post status-publish format-standard has-post-thumbnail hentry category-robots-de-servico\"><div class=\"wpr-grid-item-inner\"><div class=\"wpr-grid-media-wrap wpr-effect-size-medium \" data-overlay-link=\"yes\"><div class=\"wpr-grid-image-wrap\" data-src=\"https:\/\/idr.pt\/wp-content\/uploads\/2026\/02\/robot-eventos-e-feiras.png\" data-img-on-hover=\"\"  data-src-secondary=\"\"><img decoding=\"async\" data-no-lazy=\"1\" src=\"https:\/\/idr.pt\/wp-content\/uploads\/2026\/02\/robot-eventos-e-feiras.png\" alt=\"Onde os Robots de Servi\u00e7o Fazem a Diferen\u00e7a: A Revolu\u00e7\u00e3o no Atendimento ao Cliente\" class=\"wpr-anim-timing-ease-default\"><\/div><div class=\"wpr-grid-media-hover wpr-animation-wrap\"><div class=\"wpr-grid-media-hover-bg  wpr-overlay-fade-in wpr-anim-size-large wpr-anim-timing-ease-default wpr-anim-transparency\" data-url=\"https:\/\/idr.pt\/en\/2026\/02\/12\/onde-os-robots-de-servico-fazem-a-diferenca-a-revolucao-no-atendimento-ao-cliente\/\"><\/div><\/div><\/div><div class=\"wpr-grid-item-below-content elementor-clearfix\"><h2 class=\"wpr-grid-item-title elementor-repeater-item-ce5ae7c wpr-grid-item-display-block wpr-grid-item-align-left wpr-pointer-none wpr-pointer-line-fx wpr-pointer-fx-fade\"><div class=\"inner-block\"><a target=\"_self\"  href=\"https:\/\/idr.pt\/en\/2026\/02\/12\/onde-os-robots-de-servico-fazem-a-diferenca-a-revolucao-no-atendimento-ao-cliente\/\">Onde os Robots de Servi\u00e7o Fazem a Diferen\u00e7a: A Revolu\u00e7\u00e3o no Atendimento ao Cliente<\/a><\/div><\/h2><div class=\"wpr-grid-item-date elementor-repeater-item-62014ff wpr-grid-item-display-inline wpr-grid-item-align-left\"><div class=\"inner-block\"><span>February 12, 2026<span class=\"wpr-grid-extra-text-right\">\/<\/span><\/span><\/div><\/div><div class=\"wpr-grid-item-excerpt elementor-repeater-item-d08d98c wpr-grid-item-display-block wpr-grid-item-align-left\"><div class=\"inner-block\"><p>Onde os Rob\u00f4s de Servi\u00e7o Fazem a Diferen\u00e7a: A Revolu\u00e7\u00e3o no Atendimento ao Cliente No nosso artigo anterior, discutimos como...<\/p><\/div><\/div><div class=\"wpr-grid-item-read-more elementor-repeater-item-9f355d3 wpr-grid-item-display-block wpr-grid-item-align-left\"><div class=\"inner-block\"><a target=\"_self\" href=\"https:\/\/idr.pt\/en\/2026\/02\/12\/onde-os-robots-de-servico-fazem-a-diferenca-a-revolucao-no-atendimento-ao-cliente\/\" class=\"wpr-button-effect wpr-button-none\"><span>Ler Mais<\/span><\/a><\/div><\/div><\/div><\/div><\/article><article class=\"wpr-grid-item elementor-clearfix post-2071 post type-post status-publish format-standard has-post-thumbnail hentry category-robots-de-servico\"><div class=\"wpr-grid-item-inner\"><div class=\"wpr-grid-media-wrap wpr-effect-size-medium \" data-overlay-link=\"yes\"><div class=\"wpr-grid-image-wrap\" data-src=\"https:\/\/idr.pt\/wp-content\/uploads\/2025\/04\/atendimento-ao-cliente.jpeg\" data-img-on-hover=\"\"  data-src-secondary=\"\"><img decoding=\"async\" data-no-lazy=\"1\" src=\"https:\/\/idr.pt\/wp-content\/uploads\/2025\/04\/atendimento-ao-cliente.jpeg\" alt=\"O Impacto dos Rob\u00f4s de Servi\u00e7o no Atendimento ao Cliente\" class=\"wpr-anim-timing-ease-default\"><\/div><div class=\"wpr-grid-media-hover wpr-animation-wrap\"><div class=\"wpr-grid-media-hover-bg  wpr-overlay-fade-in wpr-anim-size-large wpr-anim-timing-ease-default wpr-anim-transparency\" data-url=\"https:\/\/idr.pt\/en\/2025\/04\/27\/o-impacto-dos-robos-de-servico-no-atendimento-ao-cliente\/\"><\/div><\/div><\/div><div class=\"wpr-grid-item-below-content elementor-clearfix\"><h2 class=\"wpr-grid-item-title elementor-repeater-item-ce5ae7c wpr-grid-item-display-block wpr-grid-item-align-left wpr-pointer-none wpr-pointer-line-fx wpr-pointer-fx-fade\"><div class=\"inner-block\"><a target=\"_self\"  href=\"https:\/\/idr.pt\/en\/2025\/04\/27\/o-impacto-dos-robos-de-servico-no-atendimento-ao-cliente\/\">O Impacto dos Rob\u00f4s de Servi\u00e7o no Atendimento ao Cliente<\/a><\/div><\/h2><div class=\"wpr-grid-item-date elementor-repeater-item-62014ff wpr-grid-item-display-inline wpr-grid-item-align-left\"><div class=\"inner-block\"><span>April 27, 2025<span class=\"wpr-grid-extra-text-right\">\/<\/span><\/span><\/div><\/div><div class=\"wpr-grid-item-excerpt elementor-repeater-item-d08d98c wpr-grid-item-display-block wpr-grid-item-align-left\"><div class=\"inner-block\"><p>O Impacto dos Rob\u00f4s de Servi\u00e7o no Atendimento ao Cliente Nos \u00faltimos anos, os rob\u00f4s de servi\u00e7o tornaram-se uma solu\u00e7\u00e3o...<\/p><\/div><\/div><div class=\"wpr-grid-item-read-more elementor-repeater-item-9f355d3 wpr-grid-item-display-block wpr-grid-item-align-left\"><div class=\"inner-block\"><a target=\"_self\" href=\"https:\/\/idr.pt\/en\/2025\/04\/27\/o-impacto-dos-robos-de-servico-no-atendimento-ao-cliente\/\" class=\"wpr-button-effect wpr-button-none\"><span>Ler Mais<\/span><\/a><\/div><\/div><\/div><\/div><\/article><\/section>\t\t\t\t<\/div>\n\t\t\t\t<\/div>\n\t\t\t\t\t<\/div>\n\t\t\t\t<\/div>\n\t\t\t\t<\/div>\n\t\t","protected":false},"excerpt":{"rendered":"<p>Todos Artigos Robots de Servi\u00e7o O Impacto dos Rob\u00f4s de Servi\u00e7o no Atendimento ao Cliente Abril 27, 2025\/ O Impacto dos Rob\u00f4s de Servi\u00e7o no Atendimento ao Cliente Nos \u00faltimos anos, os rob\u00f4s de servi\u00e7o tornaram-se uma solu\u00e7\u00e3o&#8230; Ler Mais<\/p>","protected":false},"author":1,"featured_media":0,"parent":0,"menu_order":0,"comment_status":"closed","ping_status":"closed","template":"","meta":{"inline_featured_image":false,"footnotes":""},"class_list":["post-2906","page","type-page","status-publish","hentry"],"yoast_head":"<!-- This site is optimized with the Yoast SEO plugin v27.4 - https:\/\/yoast.com\/product\/yoast-seo-wordpress\/ -->\n<title>Categoria Robots de Servi\u00e7o - iDR<\/title>\n<meta name=\"robots\" content=\"index, follow, max-snippet:-1, max-image-preview:large, max-video-preview:-1\" \/>\n<link rel=\"canonical\" href=\"https:\/\/idr.pt\/en\/categoria-robots-servico\/\" \/>\n<meta property=\"og:locale\" content=\"en_GB\" \/>\n<meta property=\"og:type\" content=\"article\" \/>\n<meta property=\"og:title\" content=\"Categoria Robots de Servi\u00e7o - iDR\" \/>\n<meta property=\"og:description\" content=\"Todos Artigos Robots de Servi\u00e7o O Impacto dos Rob\u00f4s de Servi\u00e7o no Atendimento ao Cliente Abril 27, 2025\/ O Impacto dos Rob\u00f4s de Servi\u00e7o no Atendimento ao Cliente Nos \u00faltimos anos, os rob\u00f4s de servi\u00e7o tornaram-se uma solu\u00e7\u00e3o&#8230; Ler Mais\" \/>\n<meta property=\"og:url\" content=\"https:\/\/idr.pt\/en\/categoria-robots-servico\/\" \/>\n<meta property=\"og:site_name\" content=\"iDR\" \/>\n<meta property=\"article:publisher\" content=\"https:\/\/www.facebook.com\/iDR.lda\/?locale=pt_PT\" \/>\n<meta property=\"article:modified_time\" content=\"2025-08-06T13:47:33+00:00\" \/>\n<meta property=\"og:image\" content=\"https:\/\/newidr.raquelmoura.pt\/wp-content\/uploads\/2025\/04\/atendimento-ao-cliente.jpeg\" \/>\n<meta name=\"twitter:card\" content=\"summary_large_image\" \/>\n<meta name=\"twitter:label1\" content=\"Estimated reading time\" \/>\n\t<meta name=\"twitter:data1\" content=\"1 minute\" \/>\n<script type=\"application\/ld+json\" class=\"yoast-schema-graph\">{\"@context\":\"https:\\\/\\\/schema.org\",\"@graph\":[{\"@type\":\"WebPage\",\"@id\":\"https:\\\/\\\/idr.pt\\\/categoria-robots-servico\\\/\",\"url\":\"https:\\\/\\\/idr.pt\\\/categoria-robots-servico\\\/\",\"name\":\"Categoria Robots de Servi\u00e7o - iDR\",\"isPartOf\":{\"@id\":\"https:\\\/\\\/idr.pt\\\/#website\"},\"primaryImageOfPage\":{\"@id\":\"https:\\\/\\\/idr.pt\\\/categoria-robots-servico\\\/#primaryimage\"},\"image\":{\"@id\":\"https:\\\/\\\/idr.pt\\\/categoria-robots-servico\\\/#primaryimage\"},\"thumbnailUrl\":\"https:\\\/\\\/newidr.raquelmoura.pt\\\/wp-content\\\/uploads\\\/2025\\\/04\\\/atendimento-ao-cliente.jpeg\",\"datePublished\":\"2025-05-08T22:50:02+00:00\",\"dateModified\":\"2025-08-06T13:47:33+00:00\",\"breadcrumb\":{\"@id\":\"https:\\\/\\\/idr.pt\\\/categoria-robots-servico\\\/#breadcrumb\"},\"inLanguage\":\"en-GB\",\"potentialAction\":[{\"@type\":\"ReadAction\",\"target\":[\"https:\\\/\\\/idr.pt\\\/categoria-robots-servico\\\/\"]}]},{\"@type\":\"ImageObject\",\"inLanguage\":\"en-GB\",\"@id\":\"https:\\\/\\\/idr.pt\\\/categoria-robots-servico\\\/#primaryimage\",\"url\":\"https:\\\/\\\/newidr.raquelmoura.pt\\\/wp-content\\\/uploads\\\/2025\\\/04\\\/atendimento-ao-cliente.jpeg\",\"contentUrl\":\"https:\\\/\\\/newidr.raquelmoura.pt\\\/wp-content\\\/uploads\\\/2025\\\/04\\\/atendimento-ao-cliente.jpeg\"},{\"@type\":\"BreadcrumbList\",\"@id\":\"https:\\\/\\\/idr.pt\\\/categoria-robots-servico\\\/#breadcrumb\",\"itemListElement\":[{\"@type\":\"ListItem\",\"position\":1,\"name\":\"In\u00edcio\",\"item\":\"https:\\\/\\\/idr.pt\\\/\"},{\"@type\":\"ListItem\",\"position\":2,\"name\":\"Categoria Robots de Servi\u00e7o\"}]},{\"@type\":\"WebSite\",\"@id\":\"https:\\\/\\\/idr.pt\\\/#website\",\"url\":\"https:\\\/\\\/idr.pt\\\/\",\"name\":\"iDR\",\"description\":\"Dom\u00f3tica e Rob\u00f3tica\",\"publisher\":{\"@id\":\"https:\\\/\\\/idr.pt\\\/#organization\"},\"potentialAction\":[{\"@type\":\"SearchAction\",\"target\":{\"@type\":\"EntryPoint\",\"urlTemplate\":\"https:\\\/\\\/idr.pt\\\/?s={search_term_string}\"},\"query-input\":{\"@type\":\"PropertyValueSpecification\",\"valueRequired\":true,\"valueName\":\"search_term_string\"}}],\"inLanguage\":\"en-GB\"},{\"@type\":\"Organization\",\"@id\":\"https:\\\/\\\/idr.pt\\\/#organization\",\"name\":\"iDR\",\"url\":\"https:\\\/\\\/idr.pt\\\/\",\"logo\":{\"@type\":\"ImageObject\",\"inLanguage\":\"en-GB\",\"@id\":\"https:\\\/\\\/idr.pt\\\/#\\\/schema\\\/logo\\\/image\\\/\",\"url\":\"https:\\\/\\\/idr.pt\\\/wp-content\\\/uploads\\\/2025\\\/02\\\/Logo-IDR-400x144-1.png\",\"contentUrl\":\"https:\\\/\\\/idr.pt\\\/wp-content\\\/uploads\\\/2025\\\/02\\\/Logo-IDR-400x144-1.png\",\"width\":400,\"height\":144,\"caption\":\"iDR\"},\"image\":{\"@id\":\"https:\\\/\\\/idr.pt\\\/#\\\/schema\\\/logo\\\/image\\\/\"},\"sameAs\":[\"https:\\\/\\\/www.facebook.com\\\/iDR.lda\\\/?locale=pt_PT\",\"https:\\\/\\\/www.instagram.com\\\/idr_domotica_robotica\\\/\",\"https:\\\/\\\/www.linkedin.com\\\/company\\\/idr---domtica-i-robtica-lda.\\\/\",\"https:\\\/\\\/www.youtube.com\\\/@iDR2012\"]}]}<\/script>\n<!-- \/ Yoast SEO plugin. -->","yoast_head_json":{"title":"Categoria Robots de Servi\u00e7o - iDR","robots":{"index":"index","follow":"follow","max-snippet":"max-snippet:-1","max-image-preview":"max-image-preview:large","max-video-preview":"max-video-preview:-1"},"canonical":"https:\/\/idr.pt\/en\/categoria-robots-servico\/","og_locale":"en_GB","og_type":"article","og_title":"Categoria Robots de Servi\u00e7o - iDR","og_description":"Todos Artigos Robots de Servi\u00e7o O Impacto dos Rob\u00f4s de Servi\u00e7o no Atendimento ao Cliente Abril 27, 2025\/ O Impacto dos Rob\u00f4s de Servi\u00e7o no Atendimento ao Cliente Nos \u00faltimos anos, os rob\u00f4s de servi\u00e7o tornaram-se uma solu\u00e7\u00e3o&#8230; Ler Mais","og_url":"https:\/\/idr.pt\/en\/categoria-robots-servico\/","og_site_name":"iDR","article_publisher":"https:\/\/www.facebook.com\/iDR.lda\/?locale=pt_PT","article_modified_time":"2025-08-06T13:47:33+00:00","og_image":[{"url":"https:\/\/newidr.raquelmoura.pt\/wp-content\/uploads\/2025\/04\/atendimento-ao-cliente.jpeg","type":"","width":"","height":""}],"twitter_card":"summary_large_image","twitter_misc":{"Estimated reading time":"1 minute"},"schema":{"@context":"https:\/\/schema.org","@graph":[{"@type":"WebPage","@id":"https:\/\/idr.pt\/categoria-robots-servico\/","url":"https:\/\/idr.pt\/categoria-robots-servico\/","name":"Categoria Robots de Servi\u00e7o - iDR","isPartOf":{"@id":"https:\/\/idr.pt\/#website"},"primaryImageOfPage":{"@id":"https:\/\/idr.pt\/categoria-robots-servico\/#primaryimage"},"image":{"@id":"https:\/\/idr.pt\/categoria-robots-servico\/#primaryimage"},"thumbnailUrl":"https:\/\/newidr.raquelmoura.pt\/wp-content\/uploads\/2025\/04\/atendimento-ao-cliente.jpeg","datePublished":"2025-05-08T22:50:02+00:00","dateModified":"2025-08-06T13:47:33+00:00","breadcrumb":{"@id":"https:\/\/idr.pt\/categoria-robots-servico\/#breadcrumb"},"inLanguage":"en-GB","potentialAction":[{"@type":"ReadAction","target":["https:\/\/idr.pt\/categoria-robots-servico\/"]}]},{"@type":"ImageObject","inLanguage":"en-GB","@id":"https:\/\/idr.pt\/categoria-robots-servico\/#primaryimage","url":"https:\/\/newidr.raquelmoura.pt\/wp-content\/uploads\/2025\/04\/atendimento-ao-cliente.jpeg","contentUrl":"https:\/\/newidr.raquelmoura.pt\/wp-content\/uploads\/2025\/04\/atendimento-ao-cliente.jpeg"},{"@type":"BreadcrumbList","@id":"https:\/\/idr.pt\/categoria-robots-servico\/#breadcrumb","itemListElement":[{"@type":"ListItem","position":1,"name":"In\u00edcio","item":"https:\/\/idr.pt\/"},{"@type":"ListItem","position":2,"name":"Categoria Robots de Servi\u00e7o"}]},{"@type":"WebSite","@id":"https:\/\/idr.pt\/#website","url":"https:\/\/idr.pt\/","name":"iDR","description":"Dom\u00f3tica e Rob\u00f3tica","publisher":{"@id":"https:\/\/idr.pt\/#organization"},"potentialAction":[{"@type":"SearchAction","target":{"@type":"EntryPoint","urlTemplate":"https:\/\/idr.pt\/?s={search_term_string}"},"query-input":{"@type":"PropertyValueSpecification","valueRequired":true,"valueName":"search_term_string"}}],"inLanguage":"en-GB"},{"@type":"Organization","@id":"https:\/\/idr.pt\/#organization","name":"iDR","url":"https:\/\/idr.pt\/","logo":{"@type":"ImageObject","inLanguage":"en-GB","@id":"https:\/\/idr.pt\/#\/schema\/logo\/image\/","url":"https:\/\/idr.pt\/wp-content\/uploads\/2025\/02\/Logo-IDR-400x144-1.png","contentUrl":"https:\/\/idr.pt\/wp-content\/uploads\/2025\/02\/Logo-IDR-400x144-1.png","width":400,"height":144,"caption":"iDR"},"image":{"@id":"https:\/\/idr.pt\/#\/schema\/logo\/image\/"},"sameAs":["https:\/\/www.facebook.com\/iDR.lda\/?locale=pt_PT","https:\/\/www.instagram.com\/idr_domotica_robotica\/","https:\/\/www.linkedin.com\/company\/idr---domtica-i-robtica-lda.\/","https:\/\/www.youtube.com\/@iDR2012"]}]}},"_links":{"self":[{"href":"https:\/\/idr.pt\/en\/wp-json\/wp\/v2\/pages\/2906","targetHints":{"allow":["GET"]}}],"collection":[{"href":"https:\/\/idr.pt\/en\/wp-json\/wp\/v2\/pages"}],"about":[{"href":"https:\/\/idr.pt\/en\/wp-json\/wp\/v2\/types\/page"}],"author":[{"embeddable":true,"href":"https:\/\/idr.pt\/en\/wp-json\/wp\/v2\/users\/1"}],"replies":[{"embeddable":true,"href":"https:\/\/idr.pt\/en\/wp-json\/wp\/v2\/comments?post=2906"}],"version-history":[{"count":9,"href":"https:\/\/idr.pt\/en\/wp-json\/wp\/v2\/pages\/2906\/revisions"}],"predecessor-version":[{"id":5782,"href":"https:\/\/idr.pt\/en\/wp-json\/wp\/v2\/pages\/2906\/revisions\/5782"}],"wp:attachment":[{"href":"https:\/\/idr.pt\/en\/wp-json\/wp\/v2\/media?parent=2906"}],"curies":[{"name":"wp","href":"https:\/\/api.w.org\/{rel}","templated":true}]}}